{"id":1089,"date":"2016-01-08T13:19:15","date_gmt":"2016-01-08T13:19:15","guid":{"rendered":"https:\/\/www.air-lomb.com\/fr\/mal-de-dos\/?page_id=1089"},"modified":"2017-05-17T15:09:42","modified_gmt":"2017-05-17T15:09:42","slug":"telecharger-etude-clinique-mal-de-dos","status":"publish","type":"page","link":"https:\/\/www.air-lomb.com\/mal-de-dos\/telecharger-etude-clinique-mal-de-dos\/","title":{"rendered":"T\u00e9l\u00e9charger l&rsquo;\u00e9tude clinique mal de dos"},"content":{"rendered":"<h2><img loading=\"lazy\" decoding=\"async\" class=\"alignright size-medium wp-image-1516\" src=\"https:\/\/www.air-lomb.com\/mal-de-dos\/wp-content\/uploads\/2016\/01\/etude-clinique-airlomb-300x203.jpg\" alt=\"\u00e9tude clinique AIRLOMB\" width=\"300\" height=\"203\" srcset=\"https:\/\/www.air-lomb.com\/mal-de-dos\/wp-content\/uploads\/2016\/01\/etude-clinique-airlomb-300x203.jpg 300w, https:\/\/www.air-lomb.com\/mal-de-dos\/wp-content\/uploads\/2016\/01\/etude-clinique-airlomb-768x519.jpg 768w, https:\/\/www.air-lomb.com\/mal-de-dos\/wp-content\/uploads\/2016\/01\/etude-clinique-airlomb.jpg 891w\" sizes=\"auto, (max-width: 300px) 100vw, 300px\" \/>En indiquant votre adresse mail dans le formulaire ci-dessous, vous pourrez t\u00e9l\u00e9charger l&rsquo; \u00ab\u00a0\u00e9tude clinique mal de dos\u00a0\u00bb qui a \u00e9t\u00e9 r\u00e9alis\u00e9e\u00a0sur 30 patients lombalgiques chroniques dans un CHU fran\u00e7ais\u00a0:<\/h2>\r\n<p>Tous les patients de notre groupe pour cette \u00e9tude clinique mal de dos \u00e9taient consid\u00e9r\u00e9s comme LOMBALGIQUES CHRONIQUES c&rsquo;est \u00e0 dire qu&rsquo;<strong>ils avaient subi un \u00e9pisode lombaire douloureux sans soulagement satisfaisant des douleurs pendant une dur\u00e9e de plus de trois mois cons\u00e9cutifs<\/strong>. Sur un ensemble d\u2019individus pr\u00e9sentant des lombalgies douloureuses, difficilement supportables, avec alt\u00e9ration fonctionnelle, trente sujets ont \u00e9t\u00e9 s\u00e9lectionn\u00e9s, contr\u00f4l\u00e9s par un examen pouss\u00e9, tant orthop\u00e9dique que neurologique. Il s\u2019agissait de 22 hommes et 8 femmes, ayant tous une activit\u00e9 professionnelle. L\u2019\u00e2ge moyen du groupe \u00e9tait de 35 ans. L\u2019\u00e2ge exact des participants allait de 19 \u00e0 61 ans. Les postes de travail des trente sujets lombalgiques sont r\u00e9partis comme suit :<\/p>\r\n<p>Vous pourrez lire les r\u00e9sultats complets de cette \u00e9tude clinique\u00a0en t\u00e9l\u00e9chargeant le document PDF depuis le formulaire ci-dessous. AirLOMB vous remercie pour votre\u00a0identification.\u00a0<\/p>\r\n\n<div class=\"wpcf7 no-js\" id=\"wpcf7-f1088-o1\" lang=\"fr-FR\" dir=\"ltr\" data-wpcf7-id=\"1088\">\n<div class=\"screen-reader-response\"><p role=\"status\" aria-live=\"polite\" aria-atomic=\"true\"><\/p> <ul><\/ul><\/div>\n<form action=\"\/mal-de-dos\/wp-json\/wp\/v2\/pages\/1089#wpcf7-f1088-o1\" method=\"post\" class=\"wpcf7-form init\" aria-label=\"Formulaire de contact\" novalidate=\"novalidate\" data-status=\"init\">\n<fieldset class=\"hidden-fields-container\"><input type=\"hidden\" name=\"_wpcf7\" value=\"1088\" \/><input type=\"hidden\" name=\"_wpcf7_version\" value=\"6.1.5\" \/><input type=\"hidden\" name=\"_wpcf7_locale\" value=\"fr_FR\" \/><input type=\"hidden\" name=\"_wpcf7_unit_tag\" value=\"wpcf7-f1088-o1\" \/><input type=\"hidden\" name=\"_wpcf7_container_post\" value=\"0\" \/><input type=\"hidden\" name=\"_wpcf7_posted_data_hash\" value=\"\" \/>\n<\/fieldset>\n<p>Votre email *\n<\/p>\n<p><span class=\"wpcf7-form-control-wrap\" data-name=\"your-email\"><input size=\"40\" maxlength=\"400\" class=\"wpcf7-form-control wpcf7-email wpcf7-validates-as-required wpcf7-text wpcf7-validates-as-email\" aria-required=\"true\" aria-invalid=\"false\" value=\"\" type=\"email\" name=\"your-email\" \/><\/span>\n<\/p>\n<p><input class=\"wpcf7-form-control wpcf7-submit has-spinner\" type=\"submit\" value=\"T\u00e9l\u00e9charger l&#039;\u00e9tude clinique AirLOMB\" \/>\n<\/p><p style=\"display: none !important;\" class=\"akismet-fields-container\" data-prefix=\"_wpcf7_ak_\"><label>&#916;<textarea name=\"_wpcf7_ak_hp_textarea\" cols=\"45\" rows=\"8\" maxlength=\"100\"><\/textarea><\/label><input type=\"hidden\" id=\"ak_js_1\" name=\"_wpcf7_ak_js\" value=\"152\"\/><script>document.getElementById( \"ak_js_1\" ).setAttribute( \"value\", ( new Date() ).getTime() );<\/script><\/p><div class=\"wpcf7-response-output\" aria-hidden=\"true\"><\/div>\n<\/form>\n<\/div>\n","protected":false},"excerpt":{"rendered":"<p>En indiquant votre adresse mail dans le formulaire ci-dessous, vous pourrez t\u00e9l\u00e9charger l&rsquo; \u00ab\u00a0\u00e9tude clinique mal de dos\u00a0\u00bb qui a \u00e9t\u00e9 r\u00e9alis\u00e9e\u00a0sur 30 patients lombalgiques chroniques dans un CHU fran\u00e7ais\u00a0: Tous les patients de notre groupe pour cette \u00e9tude clinique mal de dos \u00e9taient consid\u00e9r\u00e9s comme LOMBALGIQUES CHRONIQUES c&rsquo;est \u00e0 dire qu&rsquo;ils avaient subi un [&hellip;]<\/p>\n","protected":false},"author":1,"featured_media":0,"parent":0,"menu_order":0,"comment_status":"closed","ping_status":"closed","template":"","meta":{"footnotes":""},"class_list":["post-1089","page","type-page","status-publish","hentry"],"yoast_head":"<!-- This site is optimized with the Yoast SEO plugin v27.4 - https:\/\/yoast.com\/product\/yoast-seo-wordpress\/ -->\n<title>T\u00e9l\u00e9charger l&#039;\u00e9tude clinique mal de dos - AirLOMB<\/title>\n<meta name=\"description\" content=\"t\u00e9l\u00e9charger l&#039; &quot;\u00e9tude clinique mal de dos&quot; qui a \u00e9t\u00e9 r\u00e9alis\u00e9e\u00a0sur 30 patients lombalgiques chroniques dans un CHU fran\u00e7ais\" \/>\n<meta name=\"robots\" content=\"index, follow, max-snippet:-1, max-image-preview:large, max-video-preview:-1\" \/>\n<link rel=\"canonical\" href=\"https:\/\/www.air-lomb.com\/mal-de-dos\/telecharger-etude-clinique-mal-de-dos\/\" \/>\n<meta property=\"og:locale\" content=\"fr_FR\" \/>\n<meta property=\"og:type\" content=\"article\" \/>\n<meta property=\"og:title\" content=\"T\u00e9l\u00e9charger l&#039;\u00e9tude clinique mal de dos - AirLOMB\" \/>\n<meta property=\"og:description\" content=\"t\u00e9l\u00e9charger l&#039; &quot;\u00e9tude clinique mal de dos&quot; qui a \u00e9t\u00e9 r\u00e9alis\u00e9e\u00a0sur 30 patients lombalgiques chroniques dans un CHU fran\u00e7ais\" \/>\n<meta property=\"og:url\" content=\"https:\/\/www.air-lomb.com\/mal-de-dos\/telecharger-etude-clinique-mal-de-dos\/\" \/>\n<meta property=\"og:site_name\" content=\"AirLOMB\" \/>\n<meta property=\"article:modified_time\" content=\"2017-05-17T15:09:42+00:00\" \/>\n<meta property=\"og:image\" content=\"https:\/\/www.air-lomb.com\/mal-de-dos\/wp-content\/uploads\/2016\/01\/etude-clinique-airlomb-300x203.jpg\" \/>\n<meta name=\"twitter:card\" content=\"summary_large_image\" \/>\n<meta name=\"twitter:label1\" content=\"Dur\u00e9e de lecture estim\u00e9e\" \/>\n\t<meta name=\"twitter:data1\" content=\"1 minute\" \/>\n<script type=\"application\/ld+json\" class=\"yoast-schema-graph\">{\"@context\":\"https:\\\/\\\/schema.org\",\"@graph\":[{\"@type\":\"WebPage\",\"@id\":\"https:\\\/\\\/www.air-lomb.com\\\/mal-de-dos\\\/telecharger-etude-clinique-mal-de-dos\\\/\",\"url\":\"https:\\\/\\\/www.air-lomb.com\\\/mal-de-dos\\\/telecharger-etude-clinique-mal-de-dos\\\/\",\"name\":\"T\u00e9l\u00e9charger l'\u00e9tude clinique mal de dos - AirLOMB\",\"isPartOf\":{\"@id\":\"https:\\\/\\\/www.air-lomb.com\\\/mal-de-dos\\\/#website\"},\"primaryImageOfPage\":{\"@id\":\"https:\\\/\\\/www.air-lomb.com\\\/mal-de-dos\\\/telecharger-etude-clinique-mal-de-dos\\\/#primaryimage\"},\"image\":{\"@id\":\"https:\\\/\\\/www.air-lomb.com\\\/mal-de-dos\\\/telecharger-etude-clinique-mal-de-dos\\\/#primaryimage\"},\"thumbnailUrl\":\"https:\\\/\\\/www.air-lomb.com\\\/mal-de-dos\\\/wp-content\\\/uploads\\\/2016\\\/01\\\/etude-clinique-airlomb-300x203.jpg\",\"datePublished\":\"2016-01-08T13:19:15+00:00\",\"dateModified\":\"2017-05-17T15:09:42+00:00\",\"description\":\"t\u00e9l\u00e9charger l' \\\"\u00e9tude clinique mal de dos\\\" qui a \u00e9t\u00e9 r\u00e9alis\u00e9e\u00a0sur 30 patients lombalgiques chroniques dans un CHU fran\u00e7ais\",\"breadcrumb\":{\"@id\":\"https:\\\/\\\/www.air-lomb.com\\\/mal-de-dos\\\/telecharger-etude-clinique-mal-de-dos\\\/#breadcrumb\"},\"inLanguage\":\"fr-FR\",\"potentialAction\":[{\"@type\":\"ReadAction\",\"target\":[\"https:\\\/\\\/www.air-lomb.com\\\/mal-de-dos\\\/telecharger-etude-clinique-mal-de-dos\\\/\"]}]},{\"@type\":\"ImageObject\",\"inLanguage\":\"fr-FR\",\"@id\":\"https:\\\/\\\/www.air-lomb.com\\\/mal-de-dos\\\/telecharger-etude-clinique-mal-de-dos\\\/#primaryimage\",\"url\":\"https:\\\/\\\/www.air-lomb.com\\\/mal-de-dos\\\/wp-content\\\/uploads\\\/2016\\\/01\\\/etude-clinique-airlomb.jpg\",\"contentUrl\":\"https:\\\/\\\/www.air-lomb.com\\\/mal-de-dos\\\/wp-content\\\/uploads\\\/2016\\\/01\\\/etude-clinique-airlomb.jpg\",\"width\":891,\"height\":602,\"caption\":\"\u00e9tude clinique AIRLOMB\"},{\"@type\":\"BreadcrumbList\",\"@id\":\"https:\\\/\\\/www.air-lomb.com\\\/mal-de-dos\\\/telecharger-etude-clinique-mal-de-dos\\\/#breadcrumb\",\"itemListElement\":[{\"@type\":\"ListItem\",\"position\":1,\"name\":\"Home\",\"item\":\"https:\\\/\\\/www.air-lomb.com\\\/mal-de-dos\\\/\"},{\"@type\":\"ListItem\",\"position\":2,\"name\":\"T\u00e9l\u00e9charger l&rsquo;\u00e9tude clinique mal de dos\"}]},{\"@type\":\"WebSite\",\"@id\":\"https:\\\/\\\/www.air-lomb.com\\\/mal-de-dos\\\/#website\",\"url\":\"https:\\\/\\\/www.air-lomb.com\\\/mal-de-dos\\\/\",\"name\":\"AirLOMB\",\"description\":\"La ceinture lombaire gonflable\",\"potentialAction\":[{\"@type\":\"SearchAction\",\"target\":{\"@type\":\"EntryPoint\",\"urlTemplate\":\"https:\\\/\\\/www.air-lomb.com\\\/mal-de-dos\\\/?s={search_term_string}\"},\"query-input\":{\"@type\":\"PropertyValueSpecification\",\"valueRequired\":true,\"valueName\":\"search_term_string\"}}],\"inLanguage\":\"fr-FR\"}]}<\/script>\n<!-- \/ Yoast SEO plugin. -->","yoast_head_json":{"title":"T\u00e9l\u00e9charger l'\u00e9tude clinique mal de dos - AirLOMB","description":"t\u00e9l\u00e9charger l' \"\u00e9tude clinique mal de dos\" qui a \u00e9t\u00e9 r\u00e9alis\u00e9e\u00a0sur 30 patients lombalgiques chroniques dans un CHU fran\u00e7ais","robots":{"index":"index","follow":"follow","max-snippet":"max-snippet:-1","max-image-preview":"max-image-preview:large","max-video-preview":"max-video-preview:-1"},"canonical":"https:\/\/www.air-lomb.com\/mal-de-dos\/telecharger-etude-clinique-mal-de-dos\/","og_locale":"fr_FR","og_type":"article","og_title":"T\u00e9l\u00e9charger l'\u00e9tude clinique mal de dos - AirLOMB","og_description":"t\u00e9l\u00e9charger l' \"\u00e9tude clinique mal de dos\" qui a \u00e9t\u00e9 r\u00e9alis\u00e9e\u00a0sur 30 patients lombalgiques chroniques dans un CHU fran\u00e7ais","og_url":"https:\/\/www.air-lomb.com\/mal-de-dos\/telecharger-etude-clinique-mal-de-dos\/","og_site_name":"AirLOMB","article_modified_time":"2017-05-17T15:09:42+00:00","og_image":[{"url":"https:\/\/www.air-lomb.com\/mal-de-dos\/wp-content\/uploads\/2016\/01\/etude-clinique-airlomb-300x203.jpg","type":"","width":"","height":""}],"twitter_card":"summary_large_image","twitter_misc":{"Dur\u00e9e de lecture estim\u00e9e":"1 minute"},"schema":{"@context":"https:\/\/schema.org","@graph":[{"@type":"WebPage","@id":"https:\/\/www.air-lomb.com\/mal-de-dos\/telecharger-etude-clinique-mal-de-dos\/","url":"https:\/\/www.air-lomb.com\/mal-de-dos\/telecharger-etude-clinique-mal-de-dos\/","name":"T\u00e9l\u00e9charger l'\u00e9tude clinique mal de dos - AirLOMB","isPartOf":{"@id":"https:\/\/www.air-lomb.com\/mal-de-dos\/#website"},"primaryImageOfPage":{"@id":"https:\/\/www.air-lomb.com\/mal-de-dos\/telecharger-etude-clinique-mal-de-dos\/#primaryimage"},"image":{"@id":"https:\/\/www.air-lomb.com\/mal-de-dos\/telecharger-etude-clinique-mal-de-dos\/#primaryimage"},"thumbnailUrl":"https:\/\/www.air-lomb.com\/mal-de-dos\/wp-content\/uploads\/2016\/01\/etude-clinique-airlomb-300x203.jpg","datePublished":"2016-01-08T13:19:15+00:00","dateModified":"2017-05-17T15:09:42+00:00","description":"t\u00e9l\u00e9charger l' \"\u00e9tude clinique mal de dos\" qui a \u00e9t\u00e9 r\u00e9alis\u00e9e\u00a0sur 30 patients lombalgiques chroniques dans un CHU fran\u00e7ais","breadcrumb":{"@id":"https:\/\/www.air-lomb.com\/mal-de-dos\/telecharger-etude-clinique-mal-de-dos\/#breadcrumb"},"inLanguage":"fr-FR","potentialAction":[{"@type":"ReadAction","target":["https:\/\/www.air-lomb.com\/mal-de-dos\/telecharger-etude-clinique-mal-de-dos\/"]}]},{"@type":"ImageObject","inLanguage":"fr-FR","@id":"https:\/\/www.air-lomb.com\/mal-de-dos\/telecharger-etude-clinique-mal-de-dos\/#primaryimage","url":"https:\/\/www.air-lomb.com\/mal-de-dos\/wp-content\/uploads\/2016\/01\/etude-clinique-airlomb.jpg","contentUrl":"https:\/\/www.air-lomb.com\/mal-de-dos\/wp-content\/uploads\/2016\/01\/etude-clinique-airlomb.jpg","width":891,"height":602,"caption":"\u00e9tude clinique AIRLOMB"},{"@type":"BreadcrumbList","@id":"https:\/\/www.air-lomb.com\/mal-de-dos\/telecharger-etude-clinique-mal-de-dos\/#breadcrumb","itemListElement":[{"@type":"ListItem","position":1,"name":"Home","item":"https:\/\/www.air-lomb.com\/mal-de-dos\/"},{"@type":"ListItem","position":2,"name":"T\u00e9l\u00e9charger l&rsquo;\u00e9tude clinique mal de dos"}]},{"@type":"WebSite","@id":"https:\/\/www.air-lomb.com\/mal-de-dos\/#website","url":"https:\/\/www.air-lomb.com\/mal-de-dos\/","name":"AirLOMB","description":"La ceinture lombaire gonflable","potentialAction":[{"@type":"SearchAction","target":{"@type":"EntryPoint","urlTemplate":"https:\/\/www.air-lomb.com\/mal-de-dos\/?s={search_term_string}"},"query-input":{"@type":"PropertyValueSpecification","valueRequired":true,"valueName":"search_term_string"}}],"inLanguage":"fr-FR"}]}},"_links":{"self":[{"href":"https:\/\/www.air-lomb.com\/mal-de-dos\/wp-json\/wp\/v2\/pages\/1089","targetHints":{"allow":["GET"]}}],"collection":[{"href":"https:\/\/www.air-lomb.com\/mal-de-dos\/wp-json\/wp\/v2\/pages"}],"about":[{"href":"https:\/\/www.air-lomb.com\/mal-de-dos\/wp-json\/wp\/v2\/types\/page"}],"author":[{"embeddable":true,"href":"https:\/\/www.air-lomb.com\/mal-de-dos\/wp-json\/wp\/v2\/users\/1"}],"replies":[{"embeddable":true,"href":"https:\/\/www.air-lomb.com\/mal-de-dos\/wp-json\/wp\/v2\/comments?post=1089"}],"version-history":[{"count":11,"href":"https:\/\/www.air-lomb.com\/mal-de-dos\/wp-json\/wp\/v2\/pages\/1089\/revisions"}],"predecessor-version":[{"id":1697,"href":"https:\/\/www.air-lomb.com\/mal-de-dos\/wp-json\/wp\/v2\/pages\/1089\/revisions\/1697"}],"wp:attachment":[{"href":"https:\/\/www.air-lomb.com\/mal-de-dos\/wp-json\/wp\/v2\/media?parent=1089"}],"curies":[{"name":"wp","href":"https:\/\/api.w.org\/{rel}","templated":true}]}}