{"id":1570,"date":"2017-04-10T14:48:54","date_gmt":"2017-04-10T14:48:54","guid":{"rendered":"https:\/\/www.air-lomb.com\/fr\/mal-de-dos\/?page_id=1570"},"modified":"2018-03-06T12:41:59","modified_gmt":"2018-03-06T12:41:59","slug":"pincement-discal-l4-l5-s1","status":"publish","type":"page","link":"https:\/\/www.air-lomb.com\/mal-de-dos\/pincement-discal-l4-l5-s1\/","title":{"rendered":"Pincement discal L4 L5 S1"},"content":{"rendered":"<div class=\"uk-grid\" data-uk-grid-margin=\"\">\r\n<div class=\"uk-width-medium-1-1\">\r\n<h2>Voici comment<br \/>\r\n <br \/>\r\n <img loading=\"lazy\" decoding=\"async\" class=\"alignleft size-full wp-image-1625\" src=\"https:\/\/www.air-lomb.com\/mal-de-dos\/wp-content\/uploads\/2017\/04\/logo-airlomb-250x40.png\" alt=\"logo AIRLOMB\" width=\"250\" height=\"40\" \/> <br \/>\r\n <br \/>\r\n Soulage imm\u00e9diatement votre pincement discal en L4L5S1<\/h2>\r\n<h2 class=\"uk-alert\">Ce qu&rsquo;il faut savoir :<\/h2>\r\n<\/div>\r\n<!--\r\n<div class=\"uk-width-medium-2-3\">\r\n<div id=\"animation_container1\" class=\"animation-post1570\" style=\"background-color: rgba(255, 255, 255, 1.00);\"><canvas id=\"canvas1\" style=\"position: absolute; display: block; background-color: rgba(255, 255, 255, 1.00);\" width=\"500\" height=\"204\">airlomb<\/canvas>\r\n<div id=\"dom_overlay_container1\" style=\"pointer-events: none; overflow: hidden; width: 600px; height: 204px; position: absolute; left: 0px; top: 0px; display: block;\">\u00a0<\/div>\r\n--> \u00a0<!--<\/div>\r\n--> <!--<\/div>\r\n--><\/div>\r\n<p><iframe loading=\"lazy\" src=\"https:\/\/www.youtube.com\/embed\/LkDkGLK35hY\" width=\"560\" height=\"315\" frameborder=\"0\" allowfullscreen=\"allowfullscreen\"><\/iframe><\/p>\r\n<p>Encore appel\u00e9 tassement discal, il d\u00e9signe le r\u00e9tr\u00e9cissement de la hauteur d\u2019un disque intervert\u00e9bral.<\/p>\r\n<p>Nombre de nos pages sur notre site <a href=\"https:\/\/www.air-lomb.com\" target=\"_blank\">AIR-LOMB.C<\/a>OM\u00a0vous parlent d\u2019un probl\u00e8me de <strong>pincement vert\u00e9bral<\/strong>, g\u00e9n\u00e9ralement situ\u00e9 entre vos vert\u00e8bres L4, L5 et S1.\u00a0<\/p>\r\n<p><img loading=\"lazy\" decoding=\"async\" class=\"alignright size-full wp-image-1597\" src=\"https:\/\/www.air-lomb.com\/mal-de-dos\/wp-content\/uploads\/2017\/04\/pincement-discal.jpg\" alt=\"pincement du disque en L4L5S1\" width=\"433\" height=\"243\" srcset=\"https:\/\/www.air-lomb.com\/mal-de-dos\/wp-content\/uploads\/2017\/04\/pincement-discal.jpg 433w, https:\/\/www.air-lomb.com\/mal-de-dos\/wp-content\/uploads\/2017\/04\/pincement-discal-300x168.jpg 300w\" sizes=\"auto, (max-width: 433px) 100vw, 433px\" \/><\/p>\r\n<p>Ces disques\u00a0repr\u00e9sentent \u00e0 eux seuls 33% de la structure g\u00e9n\u00e9rale de votre rachis. La m\u00e9canique de ce dernier est donc grandement influenc\u00e9e par le comportement de vos \u00a0disques intervert\u00e9braux. <strong>Un probl\u00e8me au niveau d&rsquo;un ou plusieurs disques peut se traduire par des douleurs lombaires en raison \u00a0d\u2019une d\u00e9g\u00e9n\u00e9rescence discale.<\/strong><\/p>\r\n<p>M\u00eame si ce tassement discal peut se situer \u00e0 d\u2019autres niveaux (cervical, dorsal\u2026), <strong>nous nous int\u00e9ressons ici \u00e0 vos vert\u00e8bres lombaires<\/strong>, souvent concern\u00e9es par ce que vous \u00eates nombreux \u00e0 appeler \u00ab\u00a0<strong>mal de dos<\/strong>\u00a0\u00bb\u00a0: il s\u2019agit le plus souvent\u00a0d\u2019une discopathie d\u00e9g\u00e9n\u00e9rative.<\/p>\r\n<p>Nous vous proposons d\u2019ailleurs, en haut \u00a0de cette page, une animation qui <strong>vous montre comment, en \u00e9tirant votre colonne lombaire, nous r\u00e9ussissons,\u00a0dans 98% des cas, \u00e0 diminuer vos\u00a0douleurs lombaires.<\/strong><\/p>\r\n<h2 class=\"uk-alert\">Pourquoi ces probl\u00e8mes de disques ?<\/h2>\r\n<p><a href=\"https:\/\/www.air-lomb.com\/content\/6-ceinture-mal-de-dos\" target=\"_blank\"><img loading=\"lazy\" decoding=\"async\" class=\"alignright size-full wp-image-1612\" src=\"https:\/\/www.air-lomb.com\/mal-de-dos\/wp-content\/uploads\/2017\/04\/btn-pathologie-disques-intervertebraux.jpg\" alt=\"les disques intervert\u00e9braux\" width=\"275\" height=\"301\" srcset=\"https:\/\/www.air-lomb.com\/mal-de-dos\/wp-content\/uploads\/2017\/04\/btn-pathologie-disques-intervertebraux.jpg 275w, https:\/\/www.air-lomb.com\/mal-de-dos\/wp-content\/uploads\/2017\/04\/btn-pathologie-disques-intervertebraux-274x300.jpg 274w\" sizes=\"auto, (max-width: 275px) 100vw, 275px\" \/><\/a><strong>Un tassement\u00a0discal\u00a0est caus\u00e9 le plus souvent par le dess\u00e8chement ou la rigidifaction de l\u2019un de vos disques.<\/strong>\u00a0Votre disque perd alors sa souplesse, il n\u2019amortit plus les vibrations et les chocs au niveau de la marche, de la course et des activit\u00e9s sportives en g\u00e9n\u00e9ral.\u00a0 Les cellules du disque\u00a0pinc\u00e9 vieillissent et ne sont plus remplac\u00e9es par de nouvelles cellules. Votre circulation sanguine ne joue plus son r\u00f4le convenablement. L\u2019apport en nutriment n\u2019est plus suffisant et le dioxyde de carbone est mal \u00e9vacu\u00e9. Les \u00e9changes capillaires avec le sang ont lieu normalement au travers de la surface des disques, vuln\u00e9rables \u00e0 un afflux sanguin trop faible.<\/p>\r\n<p style=\"padding-left: 30px;\"><strong><u>Attention\u00a0:<\/u><\/strong> il ne faut pas confondre le<strong>\u00a0pincement de disque<\/strong>\u00a0avec un <strong>tassement vert\u00e9bral<\/strong> qui d\u00e9signe une fracture d\u2019un ou plusieurs disques vert\u00e9braux. <strong>Pour rappel, un disque intervert\u00e9bral est un coussinet fibreux souple qui sert d\u2019amortisseur entre 2 vert\u00e8bres<\/strong>. Sa partie centrale (le noyau) est \u00e9lastique et g\u00e9latineuse. Elle\u00a0contient un liquide qui absorbe les chocs.\u00a0<\/p>\r\n<p>\u00a0Quand vos <strong>disques intervert\u00e9braux<\/strong> sont en bonne sant\u00e9, ils contiennent en leur centre un noyau bien hydrat\u00e9, de mani\u00e8re variable durant la journ\u00e9e. Le repos, en position allong\u00e9e pendant votre sommeil, lui permet de se recharger en eau, lui \u00e9vitant ainsi de se dess\u00e9cher et de se tasser. Si vous perdez cette capacit\u00e9 d\u2019absorption des chocs, votre disque va vieillir plus vite.<\/p>\r\n<div class=\"uk-alert uk-alert-success\">\r\n<h2>L\u2019utilisation d\u2019une ceinture lombaire L4L5S1\u00a0va vous permettre d\u2019\u00e9tirer vos lombaires.<\/h2>\r\n<p>Le noyau qui avait tendance \u00e0 sortir de son logement va alors pouvoir, gr\u00e2ce \u00e0 l&rsquo;utilisation de<strong> votre <a href=\"https:\/\/www.air-lomb.com\/les-ceintures-lombaires-gonflables\/8-ceinture-lombaire-gonflable-l4-l5-s1.html\" target=\"_blank\">ceinture L4 L5 S1<\/a>,<\/strong> revenir en bonne place, \u00e9vitant tout frottement avec les nerfs, crural ou sciatique.<strong> Votre dos va se d\u00e9tendre et se r\u00e9\u00e9quilibrer<\/strong>. En n\u2019ayant plus mal, vous aller pouvoir vous redresser, oublier vos\u00a0mauvaises postures, les contractures localis\u00e9es d\u2019un c\u00f4t\u00e9 ou de l\u2019autre de votre dos : <strong>les d\u00e9s\u00e9quilibres sur vos disques vont s\u2019amenuiser<\/strong>.<\/p>\r\n<h3>Notre sch\u00e9ma anim\u00e9 en haut de cette page vous montre l\u2019effet b\u00e9n\u00e9fique qui appara\u00eet d\u00e8s le port de la <a href=\"https:\/\/www.air-lomb.com\/les-ceintures-lombaires-gonflables\/8-ceinture-lombaire-gonflable-l4-l5-s1.html\" target=\"_blank\">ceinture AIRLOMB<\/a>\u00a0: finis les pincements lombaires, les hernies discales lombaires, sciatiques, cruralgies et discopathies.<\/h3>\r\n<p>\u00a0\u00a0<a href=\"https:\/\/www.air-lomb.com\/mal-de-dos\/telecharger-remboursement-ceinture-lombaire-secu\/\"><img loading=\"lazy\" decoding=\"async\" class=\"aligncenter size-full wp-image-1634\" src=\"https:\/\/www.air-lomb.com\/mal-de-dos\/wp-content\/uploads\/2017\/04\/assurance-maladie.jpg\" alt=\"la ceinture AIRLOMB est prise en charge par l'assurance-maladie\" width=\"655\" height=\"160\" srcset=\"https:\/\/www.air-lomb.com\/mal-de-dos\/wp-content\/uploads\/2017\/04\/assurance-maladie.jpg 655w, https:\/\/www.air-lomb.com\/mal-de-dos\/wp-content\/uploads\/2017\/04\/assurance-maladie-300x73.jpg 300w\" sizes=\"auto, (max-width: 655px) 100vw, 655px\" \/><\/a><\/p>\r\n<\/div>\r\n<p>&nbsp;<\/p>\r\n<h2 class=\"uk-alert\">Oubliez les infiltrations, les cachets, et la chirurgie le plus souvent !<\/h2>\r\n<p>Prendre des comprim\u00e9s anti-douleurs, anti inflammatoire, peut vous aider \u00e0 court terme, \u00e0 soulager vos douleurs lombaires mais ne va pas r\u00e9soudre votre probl\u00e8me discal pour autant\u00a0! Votre organisme va subir l\u2019absorption de substances nocives, et risque de mal le supporter. La kin\u00e9sith\u00e9rapie peut aussi vous aider \u00e0 re-muscler votre dos, \u00e0 moyen terme, avec un d\u00e9lai qui peut vous sembler long. Et c\u00f4t\u00e9 chirurgie, une op\u00e9ration peut agir sur ces zones tr\u00e8s sensibles, cicatrisant lentement. Souvent, une r\u00e9cidive survient car l\u2019intervention chirurgicale n\u2019a pas corrig\u00e9 le probl\u00e8me \u00e0 l\u2019origine de la d\u00e9t\u00e9rioration du disque.<\/p>\r\n<p><a href=\"https:\/\/www.air-lomb.com\/mal-de-dos\/solutions-mal-de-dos\/role-ceinture-lombaire-apres-arthrodese-lombaire-l5-s1\/\" target=\"_blank\">L\u2019arthrod\u00e8se lombaire L5 S1<\/a>\u00a0\u00e9tait la seule solution par le pass\u00e9. Depuis la fin des ann\u00e9es 80, on a vu appara\u00eetre des proth\u00e8ses de disques lombaires qui peuvent \u00eatre utilis\u00e9es dans les cas o\u00f9 aucune solution n\u2019a \u00e9t\u00e9 trouv\u00e9e auparavant.<\/p>\r\n<h2>La\u00a0solution AIRLOMB : Le traitement efficace de ce pincement de votre (de vos) disque(s) avec\u00a0une ceinture gonflable.<\/h2>\r\n<p><strong>Si vous lisez cette page, c&rsquo;est certainement parce que vous souffrez du dos, que vos lombaires vous font mal et sont souvent tr\u00e8s douloureuses<\/strong>. <strong>Vous \u00eates \u00e0 la recherche de la solution<\/strong> qui va vous permettre de <strong><em><span class=\"soulager\">SOULAGER\u00a0imm\u00e9diatement<\/span>,\u00a0<span class=\"bouger\">BOUGER naturellement<\/span>,\u00a0<span class=\"vivre\">VIVRE normalement !<\/span><\/em><\/strong><\/p>\r\n<p><img loading=\"lazy\" decoding=\"async\" class=\"alignright size-full wp-image-1622\" src=\"https:\/\/www.air-lomb.com\/mal-de-dos\/wp-content\/uploads\/2017\/04\/utilisations-ceintures-airlomb.jpg\" alt=\"soulager vos lombaires et vivre normalement !\" width=\"348\" height=\"199\" srcset=\"https:\/\/www.air-lomb.com\/mal-de-dos\/wp-content\/uploads\/2017\/04\/utilisations-ceintures-airlomb.jpg 348w, https:\/\/www.air-lomb.com\/mal-de-dos\/wp-content\/uploads\/2017\/04\/utilisations-ceintures-airlomb-300x172.jpg 300w\" sizes=\"auto, (max-width: 348px) 100vw, 348px\" \/><\/p>\r\n<p><strong>La promesse AIRLOMB<\/strong> <strong>r\u00e9ussit dans plus de 98% des cas<\/strong>, comme en attestent les utilisateurs de notre ceinture gonflable. <a href=\"https:\/\/www.air-lomb.com\/avis-clients\" target=\"_blank\"><strong>Retrouvez leurs commentaires ici\u00a0!<\/strong><\/a><\/p>\r\n<p>La\u00a0<strong>ceinture lombaire AIRLOMB<\/strong>\u00a0se gonfle verticalement au niveau lombaire, ce qui permet d\u2019\u00e9tirer tr\u00e8s l\u00e9g\u00e8rement l\u2019espace inter-discal entre les vert\u00e8bres lombaires L4, L5, et\u00a0S1, qui sont les plus fr\u00e9quemment concern\u00e9es par ce diagnostic de pincement. Ainsi, AIRLOMB va r\u00e9duire la compression du noyau de vos disques lombaires, amenant\u00a0un soulagement m\u00e9canique imm\u00e9diat de cette\u00a0douleur.<\/p>\r\n<p><a href=\"https:\/\/www.air-lomb.com\/soulager-hernie-discale\/\"><img loading=\"lazy\" decoding=\"async\" class=\"alignright size-medium wp-image-1819\" src=\"https:\/\/www.air-lomb.com\/mal-de-dos\/wp-content\/uploads\/2016\/01\/ceinture-cote-detouree-300x273.png\" alt=\"Ceinture AIRLOMB traitement hernie discale\" width=\"300\" height=\"273\" \/><\/a><a title=\"Cliquez pour voir les produits AIRLOMB pour traiter le cruralgie\" href=\"https:\/\/www.air-lomb.com\/soulager-cruralgie\/\" target=\"_blank\"><br \/>\r\n <\/a><\/p>\r\n<p>La\u00a0<strong>ceinture lombaire AIRLOMB<\/strong>\u00a0est un pneumatique, ce qui permet, en cas de fragilit\u00e9 des vert\u00e8bres lombaires, d\u2019<strong>absorber efficacement les vibrations<\/strong> pour tous les conducteurs (mal lombaire en voiture, \u00e0 moto, en avion\u2026), et ainsi de diminuer l\u2019exposition des disques \u00e0 des microfissures.<\/p>\r\n<p>&nbsp;<\/p>\r\n<div class=\"uk-alert uk-alert-danger\">\r\n<h3><span style=\"text-decoration: underline;\"><strong>t\u00e9moignage de G\u00e9rard :<\/strong><\/span><\/h3>\r\nJ\u2019AI CONNU AIRLOMB EN FAISANT UNE PAR RECHERCHE SUR INTERNET PAR RAPPORT A UN <strong>PINCEMENT POST\u00c9RIEUR DU DISQUE L5-S1<\/strong> A R\u00c9CEPTION DE MA CEINTURE, J AI REGARDE LA VID\u00c9O DE MISE EN PLACE SUR LE SITE INTERNET, ELLE PERMET DE VOIR LE POSITIONNEMENT DE LA CEINTURE AINSI QUE LES OP\u00c9RATIONS DE GONFLAGE\/D\u00c9GONFLAGE.<a href=\"https:\/\/www.air-lomb.com\/avis-clients\/temoignage-175-pincement-discal-l5s1-ceinture-lombaire-airlomb-l4l5s1-anti-transpirante-gerard-\" target=\"_blank\"> lire la suite : cliquez !\u00a0<\/a><\/div>\r\n<p>&nbsp;<\/p>\r\n<p><a href=\"https:\/\/www.air-lomb.com\" target=\"_blank\"><img loading=\"lazy\" decoding=\"async\" class=\"aligncenter size-full wp-image-1599\" src=\"https:\/\/www.air-lomb.com\/mal-de-dos\/wp-content\/uploads\/2017\/04\/btn-commander-airlomb3.png\" alt=\"Ceinture lombaire AIRLOMB pour soulager le pincement discal\" width=\"463\" height=\"105\" srcset=\"https:\/\/www.air-lomb.com\/mal-de-dos\/wp-content\/uploads\/2017\/04\/btn-commander-airlomb3.png 463w, https:\/\/www.air-lomb.com\/mal-de-dos\/wp-content\/uploads\/2017\/04\/btn-commander-airlomb3-300x68.png 300w\" sizes=\"auto, (max-width: 463px) 100vw, 463px\" \/><\/a><\/p>\r\n<p>\u00a0\u00a0<a href=\"https:\/\/www.air-lomb.com\/mal-de-dos\/telecharger-remboursement-ceinture-lombaire-secu\/\"><img loading=\"lazy\" decoding=\"async\" class=\"aligncenter size-full wp-image-1634\" src=\"https:\/\/www.air-lomb.com\/mal-de-dos\/wp-content\/uploads\/2017\/04\/assurance-maladie.jpg\" alt=\"la ceinture AIRLOMB est prise en charge par l'assurance-maladie\" width=\"655\" height=\"160\" srcset=\"https:\/\/www.air-lomb.com\/mal-de-dos\/wp-content\/uploads\/2017\/04\/assurance-maladie.jpg 655w, https:\/\/www.air-lomb.com\/mal-de-dos\/wp-content\/uploads\/2017\/04\/assurance-maladie-300x73.jpg 300w\" sizes=\"auto, (max-width: 655px) 100vw, 655px\" \/><\/a><\/p>","protected":false},"excerpt":{"rendered":"<p>Voici comment Soulage imm\u00e9diatement votre pincement discal en L4L5S1 Ce qu&rsquo;il faut savoir : \u00a0 Encore appel\u00e9 tassement discal, il d\u00e9signe le r\u00e9tr\u00e9cissement de la hauteur d\u2019un disque intervert\u00e9bral. Nombre de nos pages sur notre site AIR-LOMB.COM\u00a0vous parlent d\u2019un probl\u00e8me de pincement vert\u00e9bral, g\u00e9n\u00e9ralement situ\u00e9 entre vos vert\u00e8bres L4, L5 et S1.\u00a0 Ces disques\u00a0repr\u00e9sentent \u00e0 [&hellip;]<\/p>\n","protected":false},"author":2,"featured_media":0,"parent":0,"menu_order":0,"comment_status":"closed","ping_status":"closed","template":"","meta":{"footnotes":""},"class_list":["post-1570","page","type-page","status-publish","hentry"],"yoast_head":"<!-- This site is optimized with the Yoast SEO plugin v27.5 - https:\/\/yoast.com\/product\/yoast-seo-wordpress\/ -->\n<title>Pincement discal L4 L5 S1 - AirLOMB<\/title>\n<meta name=\"description\" content=\"Parce que vous souffrez du dos, d&#039;un pincement discal, vos lombaires sont souvent tr\u00e8s douloureuses. Ici la solution pour SOULAGER imm\u00e9diatement votre dos\" \/>\n<meta name=\"robots\" content=\"index, follow, max-snippet:-1, max-image-preview:large, max-video-preview:-1\" \/>\n<link rel=\"canonical\" href=\"https:\/\/www.air-lomb.com\/mal-de-dos\/pincement-discal-l4-l5-s1\/\" \/>\n<meta property=\"og:locale\" content=\"fr_FR\" \/>\n<meta property=\"og:type\" content=\"article\" \/>\n<meta property=\"og:title\" content=\"Pincement discal L4 L5 S1 - AirLOMB\" \/>\n<meta property=\"og:description\" content=\"Parce que vous souffrez du dos, d&#039;un pincement discal, vos lombaires sont souvent tr\u00e8s douloureuses. Ici la solution pour SOULAGER imm\u00e9diatement votre dos\" \/>\n<meta property=\"og:url\" content=\"https:\/\/www.air-lomb.com\/mal-de-dos\/pincement-discal-l4-l5-s1\/\" \/>\n<meta property=\"og:site_name\" content=\"AirLOMB\" \/>\n<meta property=\"article:modified_time\" content=\"2018-03-06T12:41:59+00:00\" \/>\n<meta property=\"og:image\" content=\"https:\/\/www.air-lomb.com\/mal-de-dos\/wp-content\/uploads\/2017\/04\/logo-airlomb-250x40.png\" \/>\n<meta name=\"twitter:card\" content=\"summary_large_image\" \/>\n<meta name=\"twitter:label1\" content=\"Dur\u00e9e de lecture estim\u00e9e\" \/>\n\t<meta name=\"twitter:data1\" content=\"5 minutes\" \/>\n<script type=\"application\/ld+json\" class=\"yoast-schema-graph\">{\"@context\":\"https:\\\/\\\/schema.org\",\"@graph\":[{\"@type\":\"WebPage\",\"@id\":\"https:\\\/\\\/www.air-lomb.com\\\/mal-de-dos\\\/pincement-discal-l4-l5-s1\\\/\",\"url\":\"https:\\\/\\\/www.air-lomb.com\\\/mal-de-dos\\\/pincement-discal-l4-l5-s1\\\/\",\"name\":\"Pincement discal L4 L5 S1 - AirLOMB\",\"isPartOf\":{\"@id\":\"https:\\\/\\\/www.air-lomb.com\\\/mal-de-dos\\\/#website\"},\"primaryImageOfPage\":{\"@id\":\"https:\\\/\\\/www.air-lomb.com\\\/mal-de-dos\\\/pincement-discal-l4-l5-s1\\\/#primaryimage\"},\"image\":{\"@id\":\"https:\\\/\\\/www.air-lomb.com\\\/mal-de-dos\\\/pincement-discal-l4-l5-s1\\\/#primaryimage\"},\"thumbnailUrl\":\"https:\\\/\\\/www.air-lomb.com\\\/mal-de-dos\\\/wp-content\\\/uploads\\\/2017\\\/04\\\/logo-airlomb-250x40.png\",\"datePublished\":\"2017-04-10T14:48:54+00:00\",\"dateModified\":\"2018-03-06T12:41:59+00:00\",\"description\":\"Parce que vous souffrez du dos, d'un pincement discal, vos lombaires sont souvent tr\u00e8s douloureuses. Ici la solution pour SOULAGER imm\u00e9diatement votre dos\",\"breadcrumb\":{\"@id\":\"https:\\\/\\\/www.air-lomb.com\\\/mal-de-dos\\\/pincement-discal-l4-l5-s1\\\/#breadcrumb\"},\"inLanguage\":\"fr-FR\",\"potentialAction\":[{\"@type\":\"ReadAction\",\"target\":[\"https:\\\/\\\/www.air-lomb.com\\\/mal-de-dos\\\/pincement-discal-l4-l5-s1\\\/\"]}]},{\"@type\":\"ImageObject\",\"inLanguage\":\"fr-FR\",\"@id\":\"https:\\\/\\\/www.air-lomb.com\\\/mal-de-dos\\\/pincement-discal-l4-l5-s1\\\/#primaryimage\",\"url\":\"https:\\\/\\\/www.air-lomb.com\\\/mal-de-dos\\\/wp-content\\\/uploads\\\/2017\\\/04\\\/logo-airlomb-250x40.png\",\"contentUrl\":\"https:\\\/\\\/www.air-lomb.com\\\/mal-de-dos\\\/wp-content\\\/uploads\\\/2017\\\/04\\\/logo-airlomb-250x40.png\"},{\"@type\":\"BreadcrumbList\",\"@id\":\"https:\\\/\\\/www.air-lomb.com\\\/mal-de-dos\\\/pincement-discal-l4-l5-s1\\\/#breadcrumb\",\"itemListElement\":[{\"@type\":\"ListItem\",\"position\":1,\"name\":\"Home\",\"item\":\"https:\\\/\\\/www.air-lomb.com\\\/mal-de-dos\\\/\"},{\"@type\":\"ListItem\",\"position\":2,\"name\":\"Pincement discal L4 L5 S1\"}]},{\"@type\":\"WebSite\",\"@id\":\"https:\\\/\\\/www.air-lomb.com\\\/mal-de-dos\\\/#website\",\"url\":\"https:\\\/\\\/www.air-lomb.com\\\/mal-de-dos\\\/\",\"name\":\"AirLOMB\",\"description\":\"La ceinture lombaire gonflable\",\"potentialAction\":[{\"@type\":\"SearchAction\",\"target\":{\"@type\":\"EntryPoint\",\"urlTemplate\":\"https:\\\/\\\/www.air-lomb.com\\\/mal-de-dos\\\/?s={search_term_string}\"},\"query-input\":{\"@type\":\"PropertyValueSpecification\",\"valueRequired\":true,\"valueName\":\"search_term_string\"}}],\"inLanguage\":\"fr-FR\"}]}<\/script>\n<!-- \/ Yoast SEO plugin. -->","yoast_head_json":{"title":"Pincement discal L4 L5 S1 - AirLOMB","description":"Parce que vous souffrez du dos, d'un pincement discal, vos lombaires sont souvent tr\u00e8s douloureuses. Ici la solution pour SOULAGER imm\u00e9diatement votre dos","robots":{"index":"index","follow":"follow","max-snippet":"max-snippet:-1","max-image-preview":"max-image-preview:large","max-video-preview":"max-video-preview:-1"},"canonical":"https:\/\/www.air-lomb.com\/mal-de-dos\/pincement-discal-l4-l5-s1\/","og_locale":"fr_FR","og_type":"article","og_title":"Pincement discal L4 L5 S1 - AirLOMB","og_description":"Parce que vous souffrez du dos, d'un pincement discal, vos lombaires sont souvent tr\u00e8s douloureuses. Ici la solution pour SOULAGER imm\u00e9diatement votre dos","og_url":"https:\/\/www.air-lomb.com\/mal-de-dos\/pincement-discal-l4-l5-s1\/","og_site_name":"AirLOMB","article_modified_time":"2018-03-06T12:41:59+00:00","og_image":[{"url":"https:\/\/www.air-lomb.com\/mal-de-dos\/wp-content\/uploads\/2017\/04\/logo-airlomb-250x40.png","type":"","width":"","height":""}],"twitter_card":"summary_large_image","twitter_misc":{"Dur\u00e9e de lecture estim\u00e9e":"5 minutes"},"schema":{"@context":"https:\/\/schema.org","@graph":[{"@type":"WebPage","@id":"https:\/\/www.air-lomb.com\/mal-de-dos\/pincement-discal-l4-l5-s1\/","url":"https:\/\/www.air-lomb.com\/mal-de-dos\/pincement-discal-l4-l5-s1\/","name":"Pincement discal L4 L5 S1 - AirLOMB","isPartOf":{"@id":"https:\/\/www.air-lomb.com\/mal-de-dos\/#website"},"primaryImageOfPage":{"@id":"https:\/\/www.air-lomb.com\/mal-de-dos\/pincement-discal-l4-l5-s1\/#primaryimage"},"image":{"@id":"https:\/\/www.air-lomb.com\/mal-de-dos\/pincement-discal-l4-l5-s1\/#primaryimage"},"thumbnailUrl":"https:\/\/www.air-lomb.com\/mal-de-dos\/wp-content\/uploads\/2017\/04\/logo-airlomb-250x40.png","datePublished":"2017-04-10T14:48:54+00:00","dateModified":"2018-03-06T12:41:59+00:00","description":"Parce que vous souffrez du dos, d'un pincement discal, vos lombaires sont souvent tr\u00e8s douloureuses. Ici la solution pour SOULAGER imm\u00e9diatement votre dos","breadcrumb":{"@id":"https:\/\/www.air-lomb.com\/mal-de-dos\/pincement-discal-l4-l5-s1\/#breadcrumb"},"inLanguage":"fr-FR","potentialAction":[{"@type":"ReadAction","target":["https:\/\/www.air-lomb.com\/mal-de-dos\/pincement-discal-l4-l5-s1\/"]}]},{"@type":"ImageObject","inLanguage":"fr-FR","@id":"https:\/\/www.air-lomb.com\/mal-de-dos\/pincement-discal-l4-l5-s1\/#primaryimage","url":"https:\/\/www.air-lomb.com\/mal-de-dos\/wp-content\/uploads\/2017\/04\/logo-airlomb-250x40.png","contentUrl":"https:\/\/www.air-lomb.com\/mal-de-dos\/wp-content\/uploads\/2017\/04\/logo-airlomb-250x40.png"},{"@type":"BreadcrumbList","@id":"https:\/\/www.air-lomb.com\/mal-de-dos\/pincement-discal-l4-l5-s1\/#breadcrumb","itemListElement":[{"@type":"ListItem","position":1,"name":"Home","item":"https:\/\/www.air-lomb.com\/mal-de-dos\/"},{"@type":"ListItem","position":2,"name":"Pincement discal L4 L5 S1"}]},{"@type":"WebSite","@id":"https:\/\/www.air-lomb.com\/mal-de-dos\/#website","url":"https:\/\/www.air-lomb.com\/mal-de-dos\/","name":"AirLOMB","description":"La ceinture lombaire gonflable","potentialAction":[{"@type":"SearchAction","target":{"@type":"EntryPoint","urlTemplate":"https:\/\/www.air-lomb.com\/mal-de-dos\/?s={search_term_string}"},"query-input":{"@type":"PropertyValueSpecification","valueRequired":true,"valueName":"search_term_string"}}],"inLanguage":"fr-FR"}]}},"_links":{"self":[{"href":"https:\/\/www.air-lomb.com\/mal-de-dos\/wp-json\/wp\/v2\/pages\/1570","targetHints":{"allow":["GET"]}}],"collection":[{"href":"https:\/\/www.air-lomb.com\/mal-de-dos\/wp-json\/wp\/v2\/pages"}],"about":[{"href":"https:\/\/www.air-lomb.com\/mal-de-dos\/wp-json\/wp\/v2\/types\/page"}],"author":[{"embeddable":true,"href":"https:\/\/www.air-lomb.com\/mal-de-dos\/wp-json\/wp\/v2\/users\/2"}],"replies":[{"embeddable":true,"href":"https:\/\/www.air-lomb.com\/mal-de-dos\/wp-json\/wp\/v2\/comments?post=1570"}],"version-history":[{"count":138,"href":"https:\/\/www.air-lomb.com\/mal-de-dos\/wp-json\/wp\/v2\/pages\/1570\/revisions"}],"predecessor-version":[{"id":2070,"href":"https:\/\/www.air-lomb.com\/mal-de-dos\/wp-json\/wp\/v2\/pages\/1570\/revisions\/2070"}],"wp:attachment":[{"href":"https:\/\/www.air-lomb.com\/mal-de-dos\/wp-json\/wp\/v2\/media?parent=1570"}],"curies":[{"name":"wp","href":"https:\/\/api.w.org\/{rel}","templated":true}]}}