{"id":1852,"date":"2017-09-27T16:07:32","date_gmt":"2017-09-27T16:07:32","guid":{"rendered":"https:\/\/www.air-lomb.com\/mal-de-dos\/?page_id=1852"},"modified":"2017-10-11T14:23:18","modified_gmt":"2017-10-11T14:23:18","slug":"douleur-sciatique","status":"publish","type":"page","link":"https:\/\/www.air-lomb.com\/mal-de-dos\/douleur-sciatique\/","title":{"rendered":"Douleur sciatique : le traitement AIRLOMB pour ne plus souffrir !"},"content":{"rendered":"<h2 class=\"greentitle-2l\">la solution AIRLOMB pour \u00e9radiquer la douleur sciatique fonctionne sur 98% de nos patients.\u00a0<\/h2><div class=\"adroite\"><img decoding=\"async\" src=\"https:\/\/www.air-lomb.com\/img\/douleur-sciatique.jpg\" alt=\"zone de douleur sciatique possible\" \/><\/div><h2>Pourquoi pas pour vous ?<\/h2><p>Vous souffrez de sciatique et vous \u00eates de plus en plus nombreux \u00e0 nous demander conseil sur vos probl\u00e8mes de douleur sciatique :<\/p><p>Ces patients ci-dessous s\u2019interrogeaient tous sur ce th\u00e8me\u00a0: <strong>\u00a0Quelle solution proposez-vous pour faire dispara\u00eetre mes douleurs de sciatique? <\/strong>Une bonne part nous avait contact\u00e9s sur notre num\u00e9ro vert <a href=\"tel:0805384858\"><span class=\"color3\">0805 38 48 58<\/span><\/a>. Nous les avons conseill\u00e9s et ils nous ont adress\u00e9 leurs t\u00e9moignages de satisfaction par la suite\u2026<\/p>\r\n\r\n<div class=\"uk-alert uk-alert-success\">\r\n<ul<li>Ci-dessous, vous trouverez une pr\u00e9sentation de quelques cas de sciatique qui ont tous \u00e9t\u00e9 solutionn\u00e9s\u00a0par l&rsquo;utilisation des ceintures AIRLOMB.<\/li>\r\n<li>en bas de cette page, vous trouverez une vid\u00e9o extraite d&rsquo;une \u00e9mission de <strong>Michel Cimes, qui vous explique en d\u00e9tail la sciatique<\/strong>,<\/li>\r\n<li><img loading=\"lazy\" decoding=\"async\" src=\"https:\/\/www.air-lomb.com\/mal-de-dos\/wp-content\/uploads\/2016\/01\/cruralgie-simes-300x225.jpg\" alt=\"causes de la cruralgie\" width=\"300\" height=\"225\" class=\"alignright size-medium wp-image-1720\" srcset=\"https:\/\/www.air-lomb.com\/mal-de-dos\/wp-content\/uploads\/2016\/01\/cruralgie-simes-300x225.jpg 300w, https:\/\/www.air-lomb.com\/mal-de-dos\/wp-content\/uploads\/2016\/01\/cruralgie-simes.jpg 480w\" sizes=\"auto, (max-width: 300px) 100vw, 300px\" \/><\/li><\/ul>\r\n<p>&nbsp;<\/p><p>&nbsp;<\/p><p>&nbsp;<\/p>\r\n<!--<div class=\"widget-centre2\">-->\r\n<!--<\/div>-->\r\n\r\n\r\n<p>&nbsp;<\/p><h2 class=\"uk-alert\">Henry souffre de sciatique\u00a0:<\/h2><div class=\"agauche\"><img decoding=\"async\" src=\"https:\/\/www.air-lomb.com\/img\/helico-ceintures.jpg\" alt=\"helicopt\u00e8res-ceintures AIRLOMB\" \/><\/div><p>\u00ab\u00a0Je suis pilote d\u2019h\u00e9licopt\u00e8re dans l\u2019arm\u00e9e de terre et op\u00e9r\u00e9 d&rsquo;une hernie en L5S1 en 2005. J&rsquo;ai une r\u00e9cidive au m\u00eame endroit (d\u00fbe aux vibrations de l\u2019h\u00e9licopt\u00e8re). J\u2019ai lu que vous \u00e9quipiez les pilotes et personnels du pont d&rsquo;envol du Charles de Gaulle. Nous avons dans l&rsquo;arm\u00e9e de terre la plus importante flotte d\u2019h\u00e9licopt\u00e8res de l&rsquo;\u00e9tat et sommes nombreux \u00e0 avoir des probl\u00e8mes de dos (principalement en L5S1).<\/p><p>Je suis peut-\u00eatre le premier de mon arm\u00e9e \u00e0 vous contacter mais si jamais je vous \u00a0commandais une ceinture et qu&rsquo;elle est r\u00e9ellement efficace, je pense que cela pourrait int\u00e9resser bon nombre de mes coll\u00e8gues. Pouvez vous me confirmer que vos ceintures sont prises en charge par les assurances sociales et notre mutuelle\u00a0?<br \/> En ce qui me concerne, je mesure 1m75 et avec un tour de taille de 94 cm et un poids de 78 kg. Je pensais prendre <a title=\"Cliquez pour consulter les sp\u00e9cifications de la ceinture L4L5S1\" href=\"https:\/\/www.air-lomb.com\/sciatique\/les-ceintures-lombaires-gonflables\/8-traitement-sciatique-l4-l5-s1.html\" target=\"_blank\">la ceinture L4L5S1 anti-transpirante<\/a>\u00a0en taille 3. Est-ce le bon choix\u00a0?\u00bb<\/p><p>\u00ab\u00a0Merci pour les r\u00e9ponses apport\u00e9es et je reste \u00e0 votre disposition comme interm\u00e9diaire aupr\u00e8s de mon unit\u00e9.\u00bb<\/p><p><strong><span style=\"text-decoration: underline;\">Puis, quelques semaines plus tard :<\/span><\/strong><br \/> \u00ab Je vous remercie d&rsquo;abord pour votre suivi. Concernant ma sciatique, et avec 15 jours de recul, il semblerait que des progr\u00e8s significatifs soient r\u00e9alis\u00e9s. Apr\u00e8s quelques jours de t\u00e2tonnement, je crois avoir trouv\u00e9 les bons r\u00e9glages et les bons moments pour porter la ceinture AIRLOMB. Je n&rsquo;h\u00e9site pas \u00e0 la gonfler fortement avant de partir en vol et lors de travaux de jardinage et de bricolage et au final apr\u00e8s ces activit\u00e9s, je n&rsquo;ai plus mal au dos. Pour le moment, je n&rsquo;enl\u00e8ve ma ceinture que pour dormir.<br \/> J&rsquo;ai commenc\u00e9 \u00e0 en faire la publicit\u00e9 autour de moi et je pense que vous aurez de nouveaux clients d&rsquo;ici quelque temps.\u00a0\u00bb<\/p><p>&nbsp;<\/p><h2 class=\"uk-alert\">Andr\u00e9 souffre de mal de dos, la cause \u00e9tant une sciatique\u00a0:<\/h2><div class=\"adroite\"><a title=\"Cliquez pour consulter les informations sur la ceinture L4 L5 S1\" href=\"https:\/\/www.air-lomb.com\/sciatique\/les-ceintures-lombaires-gonflables\/8-traitement-sciatique-l4-l5-s1.html\" target=\"_blank\"><img decoding=\"async\" src=\"https:\/\/www.air-lomb.com\/img\/airlomb-l4l5s1-dos-gonflable.jpg\" alt=\"cein ture L4 L5 S1 pour traitement sciatique\" \/><\/a><\/div><p>\u00ab\u00a0J&rsquo;ai re\u00e7u ce matin ma <a title=\"Cliquez pour consulter les sp\u00e9cifications de laceinture L4L5S1\" href=\"https:\/\/www.air-lomb.com\/sciatique\/les-ceintures-lombaires-gonflables\/8-traitement-sciatique-l4-l5-s1.html\" target=\"_blank\">ceinture L4L5S1<\/a>.\u00a0Je l&rsquo;ai command\u00e9e suite \u00e0 mal de dos d\u00fb \u00e0 une crise de sciatique qui me torture depuis 13 jours maintenant. Le maintien de la colonne vert\u00e9brale est parfait et le syst\u00e8me de gonflage \u00e0 la demande vraiment g\u00e9nial. Bien s\u00fbr ma sciatique n&rsquo;est pas gu\u00e9rie mais gr\u00e2ce \u00e0 cette ceinture, je peux maintenant me redresser alors qu&rsquo;hier c&rsquo;\u00e9tait impossible. Il y a donc un progr\u00e8s certain.<br \/> Compte tenu du confort qu&rsquo;elle procure je peux vous assurer qu&rsquo;elle sera une compagne de tous les instants dans mes futurs travaux de bricolage.\u00a0\u00bb<\/p><div class=\"uk-alert uk-alert-success\"><h2><em><strong>Souffrez-vous aussi de sciatique ?<\/strong><\/em><\/h2><h3>\u00a0<\/h3><h3><strong>Contactez-nous sur notre num\u00e9ro vert : <a href=\"tel:0805384858\"><span class=\"color3\"> 0805 38 48 58<\/span><\/a> ou <a title=\"Cliquez pour nous laisser votre message\" href=\"https:\/\/www.air-lomb.com\/formulaires?id_form=16&amp;type=conseil-par-telephone\">laissez nous votre message<\/a>, nous vous rappellerons.<\/strong><\/h3><p>\u00a0\u00a0<a href=\"https:\/\/www.air-lomb.com\/mal-de-dos\/telecharger-remboursement-ceinture-lombaire-secu\/\"><img loading=\"lazy\" decoding=\"async\" class=\"aligncenter size-full wp-image-1634\" src=\"https:\/\/www.air-lomb.com\/mal-de-dos\/wp-content\/uploads\/2017\/04\/assurance-maladie.jpg\" alt=\"la ceinture contre le mal de dos AIRLOMB est prise en charge par l'assurance-maladie\" width=\"655\" height=\"160\" srcset=\"https:\/\/www.air-lomb.com\/mal-de-dos\/wp-content\/uploads\/2017\/04\/assurance-maladie.jpg 655w, https:\/\/www.air-lomb.com\/mal-de-dos\/wp-content\/uploads\/2017\/04\/assurance-maladie-300x73.jpg 300w\" sizes=\"auto, (max-width: 655px) 100vw, 655px\" \/><\/a><\/p><\/div><p>&nbsp;<\/p><h2 class=\"uk-alert\">Fran\u00e7ois souffre de douleurs dues \u00e0 une sciatique\u00a0:<\/h2><div class=\"adroite\"><img decoding=\"async\" src=\"https:\/\/www.air-lomb.com\/img\/cercle-vertueux-sortir-sciatique.jpg\" alt=\"cercle vertueux pour en finir avec ma sciatique\" \/><\/div><p>\u00ab\u00a0Depuis des mois je souffre de sciatique qui me p\u00e9nalise pour mon travail. J\u2019ai 59 ans, je suis agent de s\u00e9curit\u00e9, je travaille 12 heures par jour 14 jours par mois. Je reste assis 10 \u00e0 11 heures, ensuite je fais 35 kms en voiture. Lorsque je rentre \u00e0 mon domicile, j&rsquo;ai la jambe gauche raide, cela dure environ 30 minutes. La nuit, lorsque je me tourne la douleur me reprend. <br \/> Puis quelques semaines plus tard, apr\u00e8s avoir achet\u00e9 <a title=\"Cliquez pour consulter les sp\u00e9cifications de la ceinture AIRLOMB Int\u00e9grale\" href=\"https:\/\/www.air-lomb.com\/sciatique\/les-ceintures-lombaires-gonflables\/9-airlomb-integrale.html\" target=\"_blank\">une\u00a0 AIRLOMB Int\u00e9grale<\/a> : Je suis tr\u00e8s content de votre ceinture . Merci beaucoup, elle est vraiment formidable car depuis que je l&rsquo;ai, je n&rsquo;ai plus de douleurs !\u00a0\u00bb<\/p><p>&nbsp;<\/p><p>&nbsp;<\/p><h2 class=\"uk-alert\">B\u00e9n\u00e9dicte a pu soulager la douleur due \u00e0 une sciatique\u00a0:<\/h2><div class=\"agauche\"><a title=\"Acc\u00e9dez \u00e0 note boutique en ligne AIRLOMB\" href=\"https:\/\/www.air-lomb.com\" target=\"_blank\"><img decoding=\"async\" src=\"https:\/\/www.air-lomb.com\/img\/300x600.gif\" alt=\"air-lomb traitement sciatique, cruralgie, hernie discale\" \/><\/a><\/div><p>\u00ab\u00a0Bonjour, j&rsquo;ai suivi vos conseils sur la mise en place de la ceinture L4L5S1, effectivement la ceinture tient mieux depuis que je la ferme sur moi avant de la gonfler. Ainsi, elle ne remonte plus et j&rsquo;ai un r\u00e9el soulagement de la douleur li\u00e9e \u00e0 ma sciatique. Merci.\u00a0\u00bb<\/p><p>&nbsp;<\/p><h2 class=\"uk-alert\">B\u00e9rang\u00e8re souffre de lombalgie, la cause \u00e9tant une\u00a0sciatique\u00a0:<\/h2><p>\u00ab\u00a0Bonjour, j&rsquo;ai connu AIRLOMB en faisant des recherches sur la sciatique via Internet. Auparavant, j&rsquo;utilisais une ceinture lombaire vendue en pharmacie. Ici, j&rsquo;ai choisi le<a title=\"Cliquez pour consulter les informations sur la ceinture L4 L5 S1\" href=\"https:\/\/www.air-lomb.com\/sciatique\/les-ceintures-lombaires-gonflables\/8-traitement-sciatique-l4-l5-s1.html\" target=\"_blank\"> mod\u00e8le AirLOMB L4L5S1<\/a> car il agit au bas du dos, l\u00e0 o\u00f9 commence ma sciatique. <br \/> Je l&rsquo;utilise en voiture, lors des travaux m\u00e9nagers ou d&rsquo;une station assise prolong\u00e9e. Elle me soulage \u00e9norm\u00e9ment et je la recommande \u00e0 ceux qui souffrent vraiment du dos.\u00a0\u00bb<\/p><p>&nbsp;<\/p><h2 class=\"uk-alert\">Anne-Marie souffre de sciatiques, d\u2019une hernie et de cruralgie paralysante\u00a0:<\/h2><p>\u00ab\u00a0Je recent des douleurs dorsales depuis longtemps, apr\u00e8s diverses sciatiques et une hernie discale paralysante puis pour finir une cruralgie qui m&rsquo;a conduite dans un fauteuil roulant pendant 2 mois !<br \/> C&rsquo;est par ma recherche personnelle sur Internet pour cruralgie que j&rsquo;ai d\u00e9couvert AIRLOMB.<br \/> J&rsquo;ai test\u00e9 les ceintures avec des baleines !! H\u00e9las difficiles \u00e0 supporter &#8211; les patch comme Flector tissu gel &#8211; et autres pommades et sinon le fauteuil m\u00e9dical.<br \/> J&rsquo;ai command\u00e9 le mod\u00e8le Int\u00e9grale livr\u00e9 en 48h comme annonc\u00e9. Depuis que je l&rsquo;ai re\u00e7u, je mets la ceinture int\u00e9grale le matin et je l&rsquo;oublie jusqu&rsquo;au soir en la gonflant plus ou moins selon ce que je dois faire. Pour moi, c&rsquo;est tout simplement le meilleur des m\u00e9dicaments ! Alors, je la recommande \u00e0 ceux qui souffrent ! Merci.\u00a0\u00bb<\/p><p>&nbsp;<\/p><h2 class=\"uk-alert\">Francis pr\u00e9sente un pincement discal\u00a0:<\/h2><div class=\"adroite\"><img decoding=\"async\" src=\"https:\/\/www.air-lomb.com\/img\/sciatique-L5-S1.jpg\" alt=\"nerf sciatique pinc\u00e9 en L5\" \/><\/div><p>\u00ab\u00a0Pour soulager une douleur due \u00e0 un pincement de disque lombaire, j&rsquo;ai command\u00e9 <a title=\"Cliquez pour consulter les informations sur la ceinture AIRLOMB L4 L5 S1\" href=\"https:\/\/www.air-lomb.com\/sciatique\/les-ceintures-lombaires-gonflables\/8-traitement-sciatique-l4-l5-s1.html\" target=\"_blank\">la ceinture lombaire AIRLOMB L4L5S1<\/a> et la trouve tr\u00e8s efficace.<br \/> J&rsquo;ai d\u00e9couvert AIRLOMB sur Internet en faisant une recherche sur \u00ab\u00a0douleurs sciatique\u00a0\u00bb. J&rsquo;utilisais jusque-l\u00e0 une ceinture-rigide. J&rsquo;ai \u00e9t\u00e9 livr\u00e9 dans les conditions annonc\u00e9es sur le site. Je l&rsquo;utilise tous les jours et surtout la nuit pour \u00e9viter les faux mouvements pendant le sommeil. Je la trouve tr\u00e8s efficace et <strong>je la recommande \u00e0 mes amis.<\/strong>\u00a0\u00bb<\/p><p>&nbsp;<\/p><h2 class=\"uk-alert\">Pascal souffre d\u2019arthrose lombaire et de sciatique\u00a0:<\/h2><p>\u00ab\u00a0Je souffre d&rsquo;arthrose et sciatique en L4L5S1 et j&rsquo;ai connu AIRLOMB en effectuant une recherche sur Internet. <br \/> Avant, j&rsquo;utilisais une ceinture-classique d&rsquo;une autre marque. <br \/> J&rsquo;ai command\u00e9 <a title=\"Cliquez pour consulter les informations sur la ceinture AIRLOMB L4 L5 S1\" href=\"https:\/\/www.air-lomb.com\/sciatique\/les-ceintures-lombaires-gonflables\/8-traitement-sciatique-l4-l5-s1.html\" target=\"_blank\">le mod\u00e8le L4L5S1<\/a> anti transpirante \u00e0 cause d&rsquo;arthrose et d\u2019une sciatique localis\u00e9e sur ces trois vert\u00e8bres. J&rsquo;ai besoin d&rsquo;une ceinture lors de toutes mes activit\u00e9s physiques \u00e0 l&rsquo;ext\u00e9rieur (marches prolong\u00e9es, portages mod\u00e9r\u00e9s, travaux de jardin&#8230;). Son efficacit\u00e9 est excellente : sans comparaison avec ma ceinture pr\u00e9c\u00e9dente (conventionnelle avec baleines en plastique pour la rigidit\u00e9).\u00a0\u00bb<\/p><p>&nbsp;<\/p><h2 class=\"uk-alert\">\u00a0Chor souffre d\u2019un \u00e9crasement du nerf sciatique\u00a0:<\/h2><p><br \/> \u00ab\u00a0Commode, pratique et l\u00e9g\u00e8re, j&rsquo;ai <a title=\"Cliquez pour consulter les sp\u00e9cifications du mod\u00e8le AIRLOMB Int\u00e9grale\" href=\"https:\/\/www.air-lomb.com\/sciatique\/les-ceintures-lombaires-gonflables\/9-airlomb-integrale.html\" target=\"_blank\">une AIRLOMB Int\u00e9grale<\/a> pour la maison et au jardin. C&rsquo;est impeccable et soulage efficacement la douleur d&rsquo;\u00e9crasement de ce nerf . Bravo pour sa commodit\u00e9 et son efficacit\u00e9. Merci.\u00a0\u00bb<\/p><div class=\"uk-alert uk-alert-success\"><p><a title=\"Cliquez pour acc\u00e9der au t\u00e9l\u00e9chargement de l'\u00e9tude clinique AIRLOMB\" href=\"https:\/\/www.air-lomb.com\/mal-de-dos\/telecharger-etude-clinique-mal-de-dos\/\" target=\"_blank\"><img loading=\"lazy\" decoding=\"async\" class=\"alignleft size-full wp-image-1765\" src=\"https:\/\/www.air-lomb.com\/mal-de-dos\/wp-content\/uploads\/2017\/07\/bleue-clinique.png\" alt=\"T\u00e9l\u00e9charger l'\u00e9tude clinique\" width=\"269\" height=\"190\" \/><\/a><\/p><p><a title=\"Cliquez pour acc\u00e9der \u00e0 notre boutique AIRLOMB sciatique\" href=\"https:\/\/www.air-lomb.com\/sciatique\/les-ceintures-lombaires-gonflables\/\" target=\"_blank\"><img loading=\"lazy\" decoding=\"async\" class=\"aligncenter size-full wp-image-1599\" src=\"https:\/\/www.air-lomb.com\/mal-de-dos\/wp-content\/uploads\/2017\/04\/btn-commander-airlomb3.png\" alt=\"protection lombaire AIRLOMB pour soulager le pincement discal\" width=\"463\" height=\"105\" srcset=\"https:\/\/www.air-lomb.com\/mal-de-dos\/wp-content\/uploads\/2017\/04\/btn-commander-airlomb3.png 463w, https:\/\/www.air-lomb.com\/mal-de-dos\/wp-content\/uploads\/2017\/04\/btn-commander-airlomb3-300x68.png 300w\" sizes=\"auto, (max-width: 463px) 100vw, 463px\" \/><\/a><\/p><\/div><p>&nbsp;<\/p><p>&nbsp;<\/p>\r\n\r\n<h3>Video de Michel Cimes \u00e0 propos de la Sciatique :<\/h3>\r\n<iframe loading=\"lazy\" src=\"https:\/\/www.youtube.com\/embed\/exmt4eBfFOc\" width=\"560\" height=\"315\" frameborder=\"0\" allowfullscreen=\"allowfullscreen\"><\/iframe>\r\n","protected":false},"excerpt":{"rendered":"<p>la solution AIRLOMB pour \u00e9radiquer la douleur sciatique fonctionne sur 98% de nos patients.\u00a0Pourquoi pas pour vous ?Vous souffrez de sciatique et vous \u00eates de plus en plus nombreux \u00e0 nous demander conseil sur vos probl\u00e8mes de douleur sciatique :Ces patients ci-dessous s\u2019interrogeaient tous sur ce th\u00e8me\u00a0: \u00a0Quelle solution proposez-vous pour faire dispara\u00eetre mes douleurs [&hellip;]<\/p>\n","protected":false},"author":2,"featured_media":0,"parent":0,"menu_order":0,"comment_status":"closed","ping_status":"closed","template":"","meta":{"footnotes":""},"class_list":["post-1852","page","type-page","status-publish","hentry"],"yoast_head":"<!-- This site is optimized with the Yoast SEO plugin v27.5 - https:\/\/yoast.com\/product\/yoast-seo-wordpress\/ -->\n<title>douleur sciatique, traitement AIRLOMBpour ne plus souffrir<\/title>\n<meta name=\"description\" content=\"Vous nous interrogez r\u00e9guli\u00e8rement sur vos probl\u00e8mes de douleur sciatique. Ici les traitements AIRLOMB pour \u00e9liminer les douleurs li\u00e9es \u00e0 cette pathologie\" \/>\n<meta name=\"robots\" content=\"index, follow, max-snippet:-1, max-image-preview:large, max-video-preview:-1\" \/>\n<link rel=\"canonical\" href=\"https:\/\/www.air-lomb.com\/mal-de-dos\/douleur-sciatique\/\" \/>\n<meta property=\"og:locale\" content=\"fr_FR\" \/>\n<meta property=\"og:type\" content=\"article\" \/>\n<meta property=\"og:title\" content=\"douleur sciatique, traitement AIRLOMBpour ne plus souffrir\" \/>\n<meta property=\"og:description\" content=\"Vous nous interrogez r\u00e9guli\u00e8rement sur vos probl\u00e8mes de douleur sciatique. Ici les traitements AIRLOMB pour \u00e9liminer les douleurs li\u00e9es \u00e0 cette pathologie\" \/>\n<meta property=\"og:url\" content=\"https:\/\/www.air-lomb.com\/mal-de-dos\/douleur-sciatique\/\" \/>\n<meta property=\"og:site_name\" content=\"AirLOMB\" \/>\n<meta property=\"article:modified_time\" content=\"2017-10-11T14:23:18+00:00\" \/>\n<meta property=\"og:image\" content=\"https:\/\/www.air-lomb.com\/img\/douleur-sciatique.jpg\" \/>\n<meta name=\"twitter:card\" content=\"summary_large_image\" \/>\n<script type=\"application\/ld+json\" class=\"yoast-schema-graph\">{\"@context\":\"https:\\\/\\\/schema.org\",\"@graph\":[{\"@type\":\"WebPage\",\"@id\":\"https:\\\/\\\/www.air-lomb.com\\\/mal-de-dos\\\/douleur-sciatique\\\/\",\"url\":\"https:\\\/\\\/www.air-lomb.com\\\/mal-de-dos\\\/douleur-sciatique\\\/\",\"name\":\"douleur sciatique, traitement AIRLOMBpour ne plus souffrir\",\"isPartOf\":{\"@id\":\"https:\\\/\\\/www.air-lomb.com\\\/mal-de-dos\\\/#website\"},\"primaryImageOfPage\":{\"@id\":\"https:\\\/\\\/www.air-lomb.com\\\/mal-de-dos\\\/douleur-sciatique\\\/#primaryimage\"},\"image\":{\"@id\":\"https:\\\/\\\/www.air-lomb.com\\\/mal-de-dos\\\/douleur-sciatique\\\/#primaryimage\"},\"thumbnailUrl\":\"https:\\\/\\\/www.air-lomb.com\\\/img\\\/douleur-sciatique.jpg\",\"datePublished\":\"2017-09-27T16:07:32+00:00\",\"dateModified\":\"2017-10-11T14:23:18+00:00\",\"description\":\"Vous nous interrogez r\u00e9guli\u00e8rement sur vos probl\u00e8mes de douleur sciatique. Ici les traitements AIRLOMB pour \u00e9liminer les douleurs li\u00e9es \u00e0 cette pathologie\",\"breadcrumb\":{\"@id\":\"https:\\\/\\\/www.air-lomb.com\\\/mal-de-dos\\\/douleur-sciatique\\\/#breadcrumb\"},\"inLanguage\":\"fr-FR\",\"potentialAction\":[{\"@type\":\"ReadAction\",\"target\":[\"https:\\\/\\\/www.air-lomb.com\\\/mal-de-dos\\\/douleur-sciatique\\\/\"]}]},{\"@type\":\"ImageObject\",\"inLanguage\":\"fr-FR\",\"@id\":\"https:\\\/\\\/www.air-lomb.com\\\/mal-de-dos\\\/douleur-sciatique\\\/#primaryimage\",\"url\":\"https:\\\/\\\/www.air-lomb.com\\\/img\\\/douleur-sciatique.jpg\",\"contentUrl\":\"https:\\\/\\\/www.air-lomb.com\\\/img\\\/douleur-sciatique.jpg\"},{\"@type\":\"BreadcrumbList\",\"@id\":\"https:\\\/\\\/www.air-lomb.com\\\/mal-de-dos\\\/douleur-sciatique\\\/#breadcrumb\",\"itemListElement\":[{\"@type\":\"ListItem\",\"position\":1,\"name\":\"Home\",\"item\":\"https:\\\/\\\/www.air-lomb.com\\\/mal-de-dos\\\/\"},{\"@type\":\"ListItem\",\"position\":2,\"name\":\"Douleur sciatique : le traitement AIRLOMB pour ne plus souffrir !\"}]},{\"@type\":\"WebSite\",\"@id\":\"https:\\\/\\\/www.air-lomb.com\\\/mal-de-dos\\\/#website\",\"url\":\"https:\\\/\\\/www.air-lomb.com\\\/mal-de-dos\\\/\",\"name\":\"AirLOMB\",\"description\":\"La ceinture lombaire gonflable\",\"potentialAction\":[{\"@type\":\"SearchAction\",\"target\":{\"@type\":\"EntryPoint\",\"urlTemplate\":\"https:\\\/\\\/www.air-lomb.com\\\/mal-de-dos\\\/?s={search_term_string}\"},\"query-input\":{\"@type\":\"PropertyValueSpecification\",\"valueRequired\":true,\"valueName\":\"search_term_string\"}}],\"inLanguage\":\"fr-FR\"}]}<\/script>\n<!-- \/ Yoast SEO plugin. -->","yoast_head_json":{"title":"douleur sciatique, traitement AIRLOMBpour ne plus souffrir","description":"Vous nous interrogez r\u00e9guli\u00e8rement sur vos probl\u00e8mes de douleur sciatique. Ici les traitements AIRLOMB pour \u00e9liminer les douleurs li\u00e9es \u00e0 cette pathologie","robots":{"index":"index","follow":"follow","max-snippet":"max-snippet:-1","max-image-preview":"max-image-preview:large","max-video-preview":"max-video-preview:-1"},"canonical":"https:\/\/www.air-lomb.com\/mal-de-dos\/douleur-sciatique\/","og_locale":"fr_FR","og_type":"article","og_title":"douleur sciatique, traitement AIRLOMBpour ne plus souffrir","og_description":"Vous nous interrogez r\u00e9guli\u00e8rement sur vos probl\u00e8mes de douleur sciatique. Ici les traitements AIRLOMB pour \u00e9liminer les douleurs li\u00e9es \u00e0 cette pathologie","og_url":"https:\/\/www.air-lomb.com\/mal-de-dos\/douleur-sciatique\/","og_site_name":"AirLOMB","article_modified_time":"2017-10-11T14:23:18+00:00","og_image":[{"url":"https:\/\/www.air-lomb.com\/img\/douleur-sciatique.jpg","type":"","width":"","height":""}],"twitter_card":"summary_large_image","schema":{"@context":"https:\/\/schema.org","@graph":[{"@type":"WebPage","@id":"https:\/\/www.air-lomb.com\/mal-de-dos\/douleur-sciatique\/","url":"https:\/\/www.air-lomb.com\/mal-de-dos\/douleur-sciatique\/","name":"douleur sciatique, traitement AIRLOMBpour ne plus souffrir","isPartOf":{"@id":"https:\/\/www.air-lomb.com\/mal-de-dos\/#website"},"primaryImageOfPage":{"@id":"https:\/\/www.air-lomb.com\/mal-de-dos\/douleur-sciatique\/#primaryimage"},"image":{"@id":"https:\/\/www.air-lomb.com\/mal-de-dos\/douleur-sciatique\/#primaryimage"},"thumbnailUrl":"https:\/\/www.air-lomb.com\/img\/douleur-sciatique.jpg","datePublished":"2017-09-27T16:07:32+00:00","dateModified":"2017-10-11T14:23:18+00:00","description":"Vous nous interrogez r\u00e9guli\u00e8rement sur vos probl\u00e8mes de douleur sciatique. Ici les traitements AIRLOMB pour \u00e9liminer les douleurs li\u00e9es \u00e0 cette pathologie","breadcrumb":{"@id":"https:\/\/www.air-lomb.com\/mal-de-dos\/douleur-sciatique\/#breadcrumb"},"inLanguage":"fr-FR","potentialAction":[{"@type":"ReadAction","target":["https:\/\/www.air-lomb.com\/mal-de-dos\/douleur-sciatique\/"]}]},{"@type":"ImageObject","inLanguage":"fr-FR","@id":"https:\/\/www.air-lomb.com\/mal-de-dos\/douleur-sciatique\/#primaryimage","url":"https:\/\/www.air-lomb.com\/img\/douleur-sciatique.jpg","contentUrl":"https:\/\/www.air-lomb.com\/img\/douleur-sciatique.jpg"},{"@type":"BreadcrumbList","@id":"https:\/\/www.air-lomb.com\/mal-de-dos\/douleur-sciatique\/#breadcrumb","itemListElement":[{"@type":"ListItem","position":1,"name":"Home","item":"https:\/\/www.air-lomb.com\/mal-de-dos\/"},{"@type":"ListItem","position":2,"name":"Douleur sciatique : le traitement AIRLOMB pour ne plus souffrir !"}]},{"@type":"WebSite","@id":"https:\/\/www.air-lomb.com\/mal-de-dos\/#website","url":"https:\/\/www.air-lomb.com\/mal-de-dos\/","name":"AirLOMB","description":"La ceinture lombaire gonflable","potentialAction":[{"@type":"SearchAction","target":{"@type":"EntryPoint","urlTemplate":"https:\/\/www.air-lomb.com\/mal-de-dos\/?s={search_term_string}"},"query-input":{"@type":"PropertyValueSpecification","valueRequired":true,"valueName":"search_term_string"}}],"inLanguage":"fr-FR"}]}},"_links":{"self":[{"href":"https:\/\/www.air-lomb.com\/mal-de-dos\/wp-json\/wp\/v2\/pages\/1852","targetHints":{"allow":["GET"]}}],"collection":[{"href":"https:\/\/www.air-lomb.com\/mal-de-dos\/wp-json\/wp\/v2\/pages"}],"about":[{"href":"https:\/\/www.air-lomb.com\/mal-de-dos\/wp-json\/wp\/v2\/types\/page"}],"author":[{"embeddable":true,"href":"https:\/\/www.air-lomb.com\/mal-de-dos\/wp-json\/wp\/v2\/users\/2"}],"replies":[{"embeddable":true,"href":"https:\/\/www.air-lomb.com\/mal-de-dos\/wp-json\/wp\/v2\/comments?post=1852"}],"version-history":[{"count":53,"href":"https:\/\/www.air-lomb.com\/mal-de-dos\/wp-json\/wp\/v2\/pages\/1852\/revisions"}],"predecessor-version":[{"id":1927,"href":"https:\/\/www.air-lomb.com\/mal-de-dos\/wp-json\/wp\/v2\/pages\/1852\/revisions\/1927"}],"wp:attachment":[{"href":"https:\/\/www.air-lomb.com\/mal-de-dos\/wp-json\/wp\/v2\/media?parent=1852"}],"curies":[{"name":"wp","href":"https:\/\/api.w.org\/{rel}","templated":true}]}}