{"id":851,"date":"2015-11-10T12:24:50","date_gmt":"2015-11-10T12:24:50","guid":{"rendered":"https:\/\/www.air-lomb.com\/fr\/mal-de-dos\/?page_id=851"},"modified":"2019-02-22T11:42:19","modified_gmt":"2019-02-22T11:42:19","slug":"bien-choisir-ma-ceinture-lombaire","status":"publish","type":"page","link":"https:\/\/www.air-lomb.com\/mal-de-dos\/bien-choisir-ma-ceinture-lombaire\/","title":{"rendered":"Quelle ceinture lombaire choisir ? un professionnel de sant\u00e9 vous aide"},"content":{"rendered":"<div class=\"uk-grid\">\n<div class=\"uk-width-medium-8-10\">\n<h2>La ceinture lombaire \u00e0 air, c\u2019est AirLOMB. L\u2019efficacit\u00e9 de cette ceinture dorsale est garantie pour votre dos !<\/h2>\n<h3><strong>Pourquoi choisir notre ceinture lombaire gonflable<\/strong> ? <strong>Vous souffrez de hernie discale lombaire, sciatique, lumbago, cruralgie, arthrose lombaire, lombalgie chronique\u2026<\/strong><\/h3>\n<h3>Avec AirLOMB, vous obtenez :<\/h3>\n<div class=\"doc\"><img loading=\"lazy\" decoding=\"async\" src=\"https:\/\/www.airlomb.com\/wp-content\/uploads\/2015\/05\/docteur-montre.jpg\" alt=\"Ceinture lombaire AirLOMB : Un professionnel de sant\u00e9 vous assiste gratuitement\" width=\"108\" height=\"103\"><\/div>\n<div class=\"liste-droite\">\n<ul>\n \t<li>Le Soulagement imm\u00e9diat gr\u00e2ce \u00e0 un \u00e9tirement vertical de la colonne lombaire<\/li>\n \t<li>Un R\u00e9sultat anti-douleur durable garanti, sans effet secondaire ni accoutumance<\/li>\n \t<li>90% de r\u00e9duction des arr\u00eats de travail pour cause de lombalgie chronique<\/li>\n \t<li>Vous reprenez vos activit\u00e9s habituelles comme plus de 50 000 utilisateurs satisfaits avec la <strong>ceinture lombaire<\/strong> AirLOMB !<\/li>\n<\/ul>\n<\/div>\n<\/div>\n<div class=\"uk-width-medium-2-10\"><img loading=\"lazy\" decoding=\"async\" src=\"https:\/\/www.air-lomb.com\/mal-de-dos\/wp-content\/uploads\/decompression-lombaire.jpg\" alt=\"D\u00e9compression lombaire avec la ceinture lombaire AirLOMB\" width=\"198\" height=\"179\">\n<div class=\"btn-savoir\">\n<h2>En savoir plus sur <a title=\"Boutique ceinture lombaire\" href=\"https:\/\/www.air-lomb.com\/\">AirLOMB<\/a><\/h2>\n<\/div>\n<\/div>\n<\/div>\n<div class=\"uk-grid\">\n<div class=\"uk-width-medium-1-2\">\n<p class=\"violet-encadre\">Sciatique, cruralgie, hernie discale, pincement discal, spondylolisth\u00e9sis, arthrose lombaire, lumbago, lombalgie chronique\u2026<\/p>\n\n<h4>Un professionnel de sant\u00e9 va vous assister gratuitement, et sans engagement, pour valider l\u2019int\u00e9r\u00eat de la <strong>ceinture lombaire<\/strong> AirLOMB dans votre situation.<\/h4>\n<div id=\"element-9\" class=\"page-element widget-container page-element-type-headline widget-headline \">\n<div class=\"contents\">\n<h3>En 3 \u00e9tapes, choisissez la <strong>ceinture lombaire<\/strong> AirLOMB pour soulager, bouger, vivre !<\/h3>\n<\/div>\n<\/div>\n<div id=\"element-10\" class=\"page-element widget-container page-element-type-text widget-text \">&nbsp;<\/div>\n<h3>Etape 1 : Par t\u00e9l\u00e9phone<\/h3>\n<p>Un professionnel de sant\u00e9 comprend votre situation et vous guide vers la solution adapt\u00e9e \u00e0 votre cas particulier<\/p>\n\n<h3>Etape 2 : Par email<\/h3>\n<p>Vous recevez une synth\u00e8se de votre entretien et une pr\u00e9conisation de solution adapt\u00e9e \u00e0 votre cas. <!--\n<div id=\"element-10\" class=\"page-element widget-container page-element-type-text widget-text \">\n\n-->\n<h3>Etape 3 : Testez la solution pr\u00e9conis\u00e9e pour votre cas pendant 30 jours<\/h3>\n<\/div>\n<div class=\"uk-width-medium-1-2 encadre-vert\">\n<h3>Rendez-vous gratuit avec un professionnel de sant\u00e9 !<\/h3>\n<p>En remplissant le formulaire ci dessous. Appel sans engagement de votre part. Si vous pr\u00e9f\u00e9rez, vous pouvez aussi nous appeler au <strong>09 77 21 88 71 (+33 si vous \u00eates hors de France)<\/strong>. \n<div class=\"wpcf7 no-js\" id=\"wpcf7-f855-o1\" lang=\"fr-FR\" dir=\"ltr\" data-wpcf7-id=\"855\">\n<div class=\"screen-reader-response\"><p role=\"status\" aria-live=\"polite\" aria-atomic=\"true\"><\/p> <ul><\/ul><\/div>\n<form action=\"\/mal-de-dos\/wp-json\/wp\/v2\/pages\/851#wpcf7-f855-o1\" method=\"post\" class=\"wpcf7-form init\" aria-label=\"Formulaire de contact\" novalidate=\"novalidate\" data-status=\"init\">\n<fieldset class=\"hidden-fields-container\"><input type=\"hidden\" name=\"_wpcf7\" value=\"855\" \/><input type=\"hidden\" name=\"_wpcf7_version\" value=\"6.1.5\" \/><input type=\"hidden\" name=\"_wpcf7_locale\" value=\"fr_FR\" \/><input type=\"hidden\" name=\"_wpcf7_unit_tag\" value=\"wpcf7-f855-o1\" \/><input type=\"hidden\" name=\"_wpcf7_container_post\" value=\"0\" \/><input type=\"hidden\" name=\"_wpcf7_posted_data_hash\" value=\"\" \/>\n<\/fieldset>\n<p><span class=\"wpcf7-form-control-wrap\" data-name=\"Nom\"><input size=\"40\" maxlength=\"400\" class=\"wpcf7-form-control wpcf7-text wpcf7-validates-as-required\" aria-required=\"true\" aria-invalid=\"false\" placeholder=\"Nom\" value=\"\" type=\"text\" name=\"Nom\" \/><\/span>\n<\/p>\n<p><span class=\"wpcf7-form-control-wrap\" data-name=\"telephone\"><input size=\"40\" maxlength=\"400\" class=\"wpcf7-form-control wpcf7-text wpcf7-validates-as-required\" aria-required=\"true\" aria-invalid=\"false\" placeholder=\"T\u00e9l\u00e9phone avec indicatif pays si hors de France\" value=\"\" type=\"text\" name=\"telephone\" \/><\/span>\n<\/p>\n<p><span class=\"wpcf7-form-control-wrap\" data-name=\"date-heure\"><input size=\"40\" maxlength=\"400\" class=\"wpcf7-form-control wpcf7-text\" aria-invalid=\"false\" placeholder=\"Date et heure de rappel\" value=\"\" type=\"text\" name=\"date-heure\" \/><\/span>\n<\/p>\n<p><span class=\"wpcf7-form-control-wrap\" data-name=\"e-mail\"><input size=\"40\" maxlength=\"400\" class=\"wpcf7-form-control wpcf7-email wpcf7-text wpcf7-validates-as-email\" aria-invalid=\"false\" placeholder=\"E-mail\" value=\"\" type=\"email\" name=\"e-mail\" \/><\/span>\n<\/p>\n<p class=\"bouton-vert\"><input class=\"wpcf7-form-control wpcf7-submit has-spinner\" type=\"submit\" value=\"Valider votre rendez-vous\" \/>\n<\/p><p style=\"display: none !important;\" class=\"akismet-fields-container\" data-prefix=\"_wpcf7_ak_\"><label>&#916;<textarea name=\"_wpcf7_ak_hp_textarea\" cols=\"45\" rows=\"8\" maxlength=\"100\"><\/textarea><\/label><input type=\"hidden\" id=\"ak_js_1\" name=\"_wpcf7_ak_js\" value=\"197\"\/><script type=\"text\/javascript\">\n\/* <![CDATA[ *\/\ndocument.getElementById( \"ak_js_1\" ).setAttribute( \"value\", ( new Date() ).getTime() );\n\/* ]]> *\/\n<\/script>\n<\/p><div class=\"wpcf7-response-output\" aria-hidden=\"true\"><\/div>\n<\/form>\n<\/div>\n * Nous nous engageons \u00e0 ne jamais utiliser vos coordonn\u00e9es \u00e0 des fins commerciales ni \u00e0 les transmettre \u00e0 des tiers. *AirLOMB est un dispositif m\u00e9dical classe 1 certifi\u00e9 CE selon la norme europ\u00e9enne 93\/42\/CEE relative aux dispositifs m\u00e9dicaux.<\/p>\n\n<\/div>\n<\/div>\n<p>&nbsp;<\/p>\n\n<div class=\"uk-grid\">\n<div class=\"uk-width-medium-1-3\">\u00ab\u00a0J&rsquo;ai command\u00e9 la <strong>ceinture lombaire<\/strong> AirLOMB. Aussit\u00f4t re\u00e7ue, je l&rsquo;ai mise et tr\u00e8s \u00e9tonnant, au bout d&rsquo;\u00e0 peu pr\u00e8s une demi- heure apr\u00e8s, je me sentais d\u00e9j\u00e0 beaucoup mieux et toutes <strong>ces douleurs \u00e9pouvantables caus\u00e9es par ma sciatique se sont d\u00e9j\u00e0 \u00e9vanouies<\/strong>\u00a0\u00bb\n<a href=\"https:\/\/www.air-lomb.com\/avis-clients\/category\/6-ceinture-lombaire-sciatique-temoignages-des-clients-airlomb\"><img loading=\"lazy\" decoding=\"async\" class=\"align-centre\" src=\"https:\/\/www.air-lomb.com\/mal-de-dos\/wp-content\/img\/jeanine-sciatique.png\" alt=\"ceinture lombaire pour soulager la sciatique\" width=\"170\" height=\"170\"><\/a><\/div>\n<div class=\"uk-width-medium-1-3\">\u00ab\u00a0Depuis, je porte la <strong>ceinture lombaire<\/strong> AirLOMB Int\u00e9grale et je constate un r\u00e9el et durable soulagement de la douleur. AirLOMB est tout d&rsquo;abord efficace et confortable; le soutien lombaire peut \u00eatre r\u00e9gl\u00e9 tr\u00e8s facilement, et ajust\u00e9 + ou \u2013 fort, selon les circonstances.\u00a0\u00bb\n<a href=\"https:\/\/www.air-lomb.com\/avis-clients\/category\/3-ceinture-lombaire-hernie-discale-temoignages-des-clients-airlomb\" target=\"_blank\" rel=\"noopener noreferrer\"><img decoding=\"async\" class=\"align-centre\" src=\"https:\/\/www.airlomb.com\/wp-content\/img\/frederic-hernie.png\" alt=\"ceinture lombaire pour motard, souffrant de hernie discale\"><\/a><\/div>\n<div class=\"uk-width-medium-1-3\">\u00ab\u00a0J&rsquo;ai connu la <strong>ceinture lombaire Airlomb<\/strong> en cherchant activement sur internet, motiv\u00e9 par une tr\u00e8s forte douleur depuis la fesse gauche. La douleur \u00e9tait si forte que je mettais 20mn \u00e0 parcourir 300m. <strong>La ceinture lombaire Airlomb est tr\u00e8s efficace<\/strong>, je l&rsquo;ai recommand\u00e9 autour de moi\u00a0\u00bb &nbsp; <a href=\"https:\/\/www.air-lomb.com\/avis-clients\/category\/5-ceinture-lombaire-cruralgie-temoignages-des-clients-airlomb\" target=\"_blank\" rel=\"noopener noreferrer\"><img decoding=\"async\" class=\"align-centre\" src=\"https:\/\/www.air-lomb.com\/mal-de-dos\/wp-content\/img\/michel-cruralgie.png\" alt=\"ceinture lombaire pour soulager une cruralgie\"><\/a><\/div>\n<\/div>\n<p>&nbsp;<\/p>\n\n<div class=\"uk-grid\">\n<div class=\"uk-width-medium-1-2\">\n<div class=\"vid-youtube\"><iframe loading=\"lazy\" src=\"https:\/\/www.youtube.com\/embed\/7AW5wQxcgcI\" width=\"425\" height=\"350\" frameborder=\"0\" allowfullscreen=\"allowfullscreen\"><\/iframe><\/div>\n<\/div>\n<div class=\"uk-width-medium-1-2\">D\u00e9couvrez&nbsp; dans nos actus la situation qui correspond le plus \u00e0 votre \u00e9tat et d\u00e9couvrez \u00e9galement <strong>quelle ceinture lombaire AirLOMB va soulager vos maux de dos lombaires<\/strong> correspondants&nbsp;:\n<p>&nbsp;<\/p>\n<p>&nbsp;<\/p>\n\n<ul>\n \t<li>Vous aimeriez pouvoir vaquer \u00e0 vos activit\u00e9s habituelles et oublier ce mal de dos lombaire&nbsp;qui ne vous l\u00e2che pas.<\/li>\n \t<li>Vous souhaitez traiter vos <strong>probl\u00e8mes de dos<\/strong> \u00e0 leur source&nbsp;!<\/li>\n \t<li>Vous souhaitez <strong>am\u00e9liorer votre sant\u00e9 dorsale<\/strong> \u00e0 long terme&nbsp;!<\/li>\n \t<li>Vous souhaitez tester votre <strong>ceinture lombaire<\/strong> chez vous pendant 30&nbsp;jours d&rsquo;essai&nbsp;!<\/li>\n \t<li>Vous souhaitez soigner et <strong>soulager votre dos<\/strong> \u00e0 faible co\u00fbt et d&rsquo;une fa\u00e7on p\u00e9renne.<\/li>\n \t<li>Vous souhaitez utiliser un syst\u00e8me qui ne pr\u00e9sente aucun effet secondaire n\u00e9gatif : la <strong>ceinture lombaire AirLOMB<\/strong>, gonflable et sans baleine.<\/li>\n<\/ul>\n<\/div>\n<\/div>","protected":false},"excerpt":{"rendered":"<p>La ceinture lombaire \u00e0 air, c\u2019est AirLOMB. L\u2019efficacit\u00e9 de cette ceinture dorsale est garantie pour votre dos ! Pourquoi choisir notre ceinture lombaire gonflable ? Vous souffrez de hernie discale lombaire, sciatique, lumbago, cruralgie, arthrose lombaire, lombalgie chronique\u2026 Avec AirLOMB, vous obtenez : Le Soulagement imm\u00e9diat gr\u00e2ce \u00e0 un \u00e9tirement vertical de la colonne lombaire [&hellip;]<\/p>\n","protected":false},"author":2,"featured_media":0,"parent":0,"menu_order":0,"comment_status":"closed","ping_status":"closed","template":"","meta":{"footnotes":""},"class_list":["post-851","page","type-page","status-publish","hentry"],"yoast_head":"<!-- This site is optimized with the Yoast SEO plugin v27.5 - https:\/\/yoast.com\/product\/yoast-seo-wordpress\/ -->\n<title>Quelle ceinture lombaire choisir ? professionnel de sant\u00e9 AirLOMB<\/title>\n<meta name=\"description\" content=\"Quelle ceinture lombaire gonflable choisir ? Vous souffrez de hernie discale lombaire, sciatique, lumbago, cruralgie, arthrose lombaire, lombalgie chronique\" \/>\n<meta name=\"robots\" content=\"index, follow, max-snippet:-1, max-image-preview:large, max-video-preview:-1\" \/>\n<link rel=\"canonical\" href=\"https:\/\/www.air-lomb.com\/mal-de-dos\/bien-choisir-ma-ceinture-lombaire\/\" \/>\n<meta property=\"og:locale\" content=\"fr_FR\" \/>\n<meta property=\"og:type\" content=\"article\" \/>\n<meta property=\"og:title\" content=\"Quelle ceinture lombaire choisir ? professionnel de sant\u00e9 AirLOMB\" \/>\n<meta property=\"og:description\" content=\"Quelle ceinture lombaire gonflable choisir ? Vous souffrez de hernie discale lombaire, sciatique, lumbago, cruralgie, arthrose lombaire, lombalgie chronique\" \/>\n<meta property=\"og:url\" content=\"https:\/\/www.air-lomb.com\/mal-de-dos\/bien-choisir-ma-ceinture-lombaire\/\" \/>\n<meta property=\"og:site_name\" content=\"AirLOMB\" \/>\n<meta property=\"article:modified_time\" content=\"2019-02-22T11:42:19+00:00\" \/>\n<meta property=\"og:image\" content=\"https:\/\/www.airlomb.com\/wp-content\/uploads\/2015\/05\/docteur-montre.jpg\" \/>\n<meta name=\"twitter:card\" content=\"summary_large_image\" \/>\n<meta name=\"twitter:label1\" content=\"Dur\u00e9e de lecture estim\u00e9e\" \/>\n\t<meta name=\"twitter:data1\" content=\"3 minutes\" \/>\n<script type=\"application\/ld+json\" class=\"yoast-schema-graph\">{\"@context\":\"https:\\\/\\\/schema.org\",\"@graph\":[{\"@type\":\"WebPage\",\"@id\":\"https:\\\/\\\/www.air-lomb.com\\\/mal-de-dos\\\/bien-choisir-ma-ceinture-lombaire\\\/\",\"url\":\"https:\\\/\\\/www.air-lomb.com\\\/mal-de-dos\\\/bien-choisir-ma-ceinture-lombaire\\\/\",\"name\":\"Quelle ceinture lombaire choisir ? professionnel de sant\u00e9 AirLOMB\",\"isPartOf\":{\"@id\":\"https:\\\/\\\/www.air-lomb.com\\\/mal-de-dos\\\/#website\"},\"primaryImageOfPage\":{\"@id\":\"https:\\\/\\\/www.air-lomb.com\\\/mal-de-dos\\\/bien-choisir-ma-ceinture-lombaire\\\/#primaryimage\"},\"image\":{\"@id\":\"https:\\\/\\\/www.air-lomb.com\\\/mal-de-dos\\\/bien-choisir-ma-ceinture-lombaire\\\/#primaryimage\"},\"thumbnailUrl\":\"https:\\\/\\\/www.airlomb.com\\\/wp-content\\\/uploads\\\/2015\\\/05\\\/docteur-montre.jpg\",\"datePublished\":\"2015-11-10T12:24:50+00:00\",\"dateModified\":\"2019-02-22T11:42:19+00:00\",\"description\":\"Quelle ceinture lombaire gonflable choisir ? Vous souffrez de hernie discale lombaire, sciatique, lumbago, cruralgie, arthrose lombaire, lombalgie chronique\",\"breadcrumb\":{\"@id\":\"https:\\\/\\\/www.air-lomb.com\\\/mal-de-dos\\\/bien-choisir-ma-ceinture-lombaire\\\/#breadcrumb\"},\"inLanguage\":\"fr-FR\",\"potentialAction\":[{\"@type\":\"ReadAction\",\"target\":[\"https:\\\/\\\/www.air-lomb.com\\\/mal-de-dos\\\/bien-choisir-ma-ceinture-lombaire\\\/\"]}]},{\"@type\":\"ImageObject\",\"inLanguage\":\"fr-FR\",\"@id\":\"https:\\\/\\\/www.air-lomb.com\\\/mal-de-dos\\\/bien-choisir-ma-ceinture-lombaire\\\/#primaryimage\",\"url\":\"https:\\\/\\\/www.airlomb.com\\\/wp-content\\\/uploads\\\/2015\\\/05\\\/docteur-montre.jpg\",\"contentUrl\":\"https:\\\/\\\/www.airlomb.com\\\/wp-content\\\/uploads\\\/2015\\\/05\\\/docteur-montre.jpg\"},{\"@type\":\"BreadcrumbList\",\"@id\":\"https:\\\/\\\/www.air-lomb.com\\\/mal-de-dos\\\/bien-choisir-ma-ceinture-lombaire\\\/#breadcrumb\",\"itemListElement\":[{\"@type\":\"ListItem\",\"position\":1,\"name\":\"Home\",\"item\":\"https:\\\/\\\/www.air-lomb.com\\\/mal-de-dos\\\/\"},{\"@type\":\"ListItem\",\"position\":2,\"name\":\"Quelle ceinture lombaire choisir ? un professionnel de sant\u00e9 vous aide\"}]},{\"@type\":\"WebSite\",\"@id\":\"https:\\\/\\\/www.air-lomb.com\\\/mal-de-dos\\\/#website\",\"url\":\"https:\\\/\\\/www.air-lomb.com\\\/mal-de-dos\\\/\",\"name\":\"AirLOMB\",\"description\":\"La ceinture lombaire gonflable\",\"potentialAction\":[{\"@type\":\"SearchAction\",\"target\":{\"@type\":\"EntryPoint\",\"urlTemplate\":\"https:\\\/\\\/www.air-lomb.com\\\/mal-de-dos\\\/?s={search_term_string}\"},\"query-input\":{\"@type\":\"PropertyValueSpecification\",\"valueRequired\":true,\"valueName\":\"search_term_string\"}}],\"inLanguage\":\"fr-FR\"}]}<\/script>\n<!-- \/ Yoast SEO plugin. -->","yoast_head_json":{"title":"Quelle ceinture lombaire choisir ? professionnel de sant\u00e9 AirLOMB","description":"Quelle ceinture lombaire gonflable choisir ? Vous souffrez de hernie discale lombaire, sciatique, lumbago, cruralgie, arthrose lombaire, lombalgie chronique","robots":{"index":"index","follow":"follow","max-snippet":"max-snippet:-1","max-image-preview":"max-image-preview:large","max-video-preview":"max-video-preview:-1"},"canonical":"https:\/\/www.air-lomb.com\/mal-de-dos\/bien-choisir-ma-ceinture-lombaire\/","og_locale":"fr_FR","og_type":"article","og_title":"Quelle ceinture lombaire choisir ? professionnel de sant\u00e9 AirLOMB","og_description":"Quelle ceinture lombaire gonflable choisir ? Vous souffrez de hernie discale lombaire, sciatique, lumbago, cruralgie, arthrose lombaire, lombalgie chronique","og_url":"https:\/\/www.air-lomb.com\/mal-de-dos\/bien-choisir-ma-ceinture-lombaire\/","og_site_name":"AirLOMB","article_modified_time":"2019-02-22T11:42:19+00:00","og_image":[{"url":"https:\/\/www.airlomb.com\/wp-content\/uploads\/2015\/05\/docteur-montre.jpg","type":"","width":"","height":""}],"twitter_card":"summary_large_image","twitter_misc":{"Dur\u00e9e de lecture estim\u00e9e":"3 minutes"},"schema":{"@context":"https:\/\/schema.org","@graph":[{"@type":"WebPage","@id":"https:\/\/www.air-lomb.com\/mal-de-dos\/bien-choisir-ma-ceinture-lombaire\/","url":"https:\/\/www.air-lomb.com\/mal-de-dos\/bien-choisir-ma-ceinture-lombaire\/","name":"Quelle ceinture lombaire choisir ? professionnel de sant\u00e9 AirLOMB","isPartOf":{"@id":"https:\/\/www.air-lomb.com\/mal-de-dos\/#website"},"primaryImageOfPage":{"@id":"https:\/\/www.air-lomb.com\/mal-de-dos\/bien-choisir-ma-ceinture-lombaire\/#primaryimage"},"image":{"@id":"https:\/\/www.air-lomb.com\/mal-de-dos\/bien-choisir-ma-ceinture-lombaire\/#primaryimage"},"thumbnailUrl":"https:\/\/www.airlomb.com\/wp-content\/uploads\/2015\/05\/docteur-montre.jpg","datePublished":"2015-11-10T12:24:50+00:00","dateModified":"2019-02-22T11:42:19+00:00","description":"Quelle ceinture lombaire gonflable choisir ? Vous souffrez de hernie discale lombaire, sciatique, lumbago, cruralgie, arthrose lombaire, lombalgie chronique","breadcrumb":{"@id":"https:\/\/www.air-lomb.com\/mal-de-dos\/bien-choisir-ma-ceinture-lombaire\/#breadcrumb"},"inLanguage":"fr-FR","potentialAction":[{"@type":"ReadAction","target":["https:\/\/www.air-lomb.com\/mal-de-dos\/bien-choisir-ma-ceinture-lombaire\/"]}]},{"@type":"ImageObject","inLanguage":"fr-FR","@id":"https:\/\/www.air-lomb.com\/mal-de-dos\/bien-choisir-ma-ceinture-lombaire\/#primaryimage","url":"https:\/\/www.airlomb.com\/wp-content\/uploads\/2015\/05\/docteur-montre.jpg","contentUrl":"https:\/\/www.airlomb.com\/wp-content\/uploads\/2015\/05\/docteur-montre.jpg"},{"@type":"BreadcrumbList","@id":"https:\/\/www.air-lomb.com\/mal-de-dos\/bien-choisir-ma-ceinture-lombaire\/#breadcrumb","itemListElement":[{"@type":"ListItem","position":1,"name":"Home","item":"https:\/\/www.air-lomb.com\/mal-de-dos\/"},{"@type":"ListItem","position":2,"name":"Quelle ceinture lombaire choisir ? un professionnel de sant\u00e9 vous aide"}]},{"@type":"WebSite","@id":"https:\/\/www.air-lomb.com\/mal-de-dos\/#website","url":"https:\/\/www.air-lomb.com\/mal-de-dos\/","name":"AirLOMB","description":"La ceinture lombaire gonflable","potentialAction":[{"@type":"SearchAction","target":{"@type":"EntryPoint","urlTemplate":"https:\/\/www.air-lomb.com\/mal-de-dos\/?s={search_term_string}"},"query-input":{"@type":"PropertyValueSpecification","valueRequired":true,"valueName":"search_term_string"}}],"inLanguage":"fr-FR"}]}},"_links":{"self":[{"href":"https:\/\/www.air-lomb.com\/mal-de-dos\/wp-json\/wp\/v2\/pages\/851","targetHints":{"allow":["GET"]}}],"collection":[{"href":"https:\/\/www.air-lomb.com\/mal-de-dos\/wp-json\/wp\/v2\/pages"}],"about":[{"href":"https:\/\/www.air-lomb.com\/mal-de-dos\/wp-json\/wp\/v2\/types\/page"}],"author":[{"embeddable":true,"href":"https:\/\/www.air-lomb.com\/mal-de-dos\/wp-json\/wp\/v2\/users\/2"}],"replies":[{"embeddable":true,"href":"https:\/\/www.air-lomb.com\/mal-de-dos\/wp-json\/wp\/v2\/comments?post=851"}],"version-history":[{"count":15,"href":"https:\/\/www.air-lomb.com\/mal-de-dos\/wp-json\/wp\/v2\/pages\/851\/revisions"}],"predecessor-version":[{"id":2523,"href":"https:\/\/www.air-lomb.com\/mal-de-dos\/wp-json\/wp\/v2\/pages\/851\/revisions\/2523"}],"wp:attachment":[{"href":"https:\/\/www.air-lomb.com\/mal-de-dos\/wp-json\/wp\/v2\/media?parent=851"}],"curies":[{"name":"wp","href":"https:\/\/api.w.org\/{rel}","templated":true}]}}